{"id":5640,"date":"2024-10-01T10:03:05","date_gmt":"2024-10-01T10:03:05","guid":{"rendered":"https:\/\/modirjord.is\/?post_type=product&#038;p=5640"},"modified":"2025-12-19T08:37:10","modified_gmt":"2025-12-19T08:37:10","slug":"tomatar-2-kg","status":"publish","type":"product","link":"https:\/\/modirjord.is\/en\/product\/tomatar-2-kg\/","title":{"rendered":"T\u00f3matar &#8211; 2 kg"},"content":{"rendered":"<p>L\u00edfr\u00e6nir t\u00f3matar fr\u00e1 Vallanesi r\u00e6kta\u00f0ir upp af fr\u00e6i. \u00cd l\u00edfr\u00e6nni r\u00e6ktun eru t\u00f3matarnir r\u00e6kta\u00f0ir \u00ed jar\u00f0vegi, stundu\u00f0 er skiptir\u00e6ktun og eingungis er nota\u00f0ur l\u00edfr\u00e6nn \u00e1bur\u00f0ur.\u00a0 \u00a0Gr\u00f3\u00f0urh\u00fas M\u00f3\u00f0ur Jar\u00f0ar eru hitu\u00f0 me\u00f0 vi\u00f0arorku.<\/p>","protected":false},"excerpt":{"rendered":"<p>2 kg<\/p>","protected":false},"featured_media":5634,"template":"","meta":[],"product_cat":[87],"product_tag":[],"class_list":{"0":"post-5640","1":"product","2":"type-product","3":"status-publish","4":"has-post-thumbnail","6":"product_cat-ferskt-graenmeti","8":"first","9":"outofstock","10":"shipping-taxable","11":"purchasable","12":"product-type-simple"},"_links":{"self":[{"href":"https:\/\/modirjord.is\/en\/wp-json\/wp\/v2\/product\/5640"}],"collection":[{"href":"https:\/\/modirjord.is\/en\/wp-json\/wp\/v2\/product"}],"about":[{"href":"https:\/\/modirjord.is\/en\/wp-json\/wp\/v2\/types\/product"}],"wp:featuredmedia":[{"embeddable":true,"href":"https:\/\/modirjord.is\/en\/wp-json\/wp\/v2\/media\/5634"}],"wp:attachment":[{"href":"https:\/\/modirjord.is\/en\/wp-json\/wp\/v2\/media?parent=5640"}],"wp:term":[{"taxonomy":"product_cat","embeddable":true,"href":"https:\/\/modirjord.is\/en\/wp-json\/wp\/v2\/product_cat?post=5640"},{"taxonomy":"product_tag","embeddable":true,"href":"https:\/\/modirjord.is\/en\/wp-json\/wp\/v2\/product_tag?post=5640"}],"curies":[{"name":"wp","href":"https:\/\/api.w.org\/{rel}","templated":true}]}}