{"id":5551,"date":"2023-11-25T15:09:36","date_gmt":"2023-11-25T15:09:36","guid":{"rendered":"https:\/\/modirjord.is\/?post_type=product&#038;p=5551"},"modified":"2025-12-19T08:32:51","modified_gmt":"2025-12-19T08:32:51","slug":"blalandsdrottning-2-kg","status":"publish","type":"product","link":"https:\/\/modirjord.is\/en\/product\/blalandsdrottning-2-kg\/","title":{"rendered":"Bl\u00e1landsdrottning 2 kg"},"content":{"rendered":"<p>Bl\u00e1landsdrottning er dugleg tegund sem er b\u00fdsna r\u00f3tgr\u00f3in \u00ed r\u00e6ktun \u00e1hugaf\u00f3lks \u00e1 \u00cdslandi.\u00a0 Fj\u00f3lubl\u00e1 a\u00f0 utan og n\u00e6r g\u00f3\u00f0ri st\u00e6r\u00f0.\u00a0 2kg<\/p>","protected":false},"excerpt":{"rendered":"<p>Bl\u00e1landsdrottning er dugleg tegund sem er b\u00fdsna r\u00f3tgr\u00f3in \u00ed r\u00e6ktun \u00e1hugaf\u00f3lks \u00e1 \u00cdslandi.\u00a0 Fj\u00f3lubl\u00e1 a\u00f0 utan og n\u00e6r g\u00f3\u00f0ri st\u00e6r\u00f0.\u00a0 2kg<\/p>","protected":false},"featured_media":5553,"template":"","meta":[],"product_cat":[87],"product_tag":[],"class_list":{"0":"post-5551","1":"product","2":"type-product","3":"status-publish","4":"has-post-thumbnail","6":"product_cat-ferskt-graenmeti","8":"first","9":"outofstock","10":"shipping-taxable","11":"purchasable","12":"product-type-simple"},"_links":{"self":[{"href":"https:\/\/modirjord.is\/en\/wp-json\/wp\/v2\/product\/5551"}],"collection":[{"href":"https:\/\/modirjord.is\/en\/wp-json\/wp\/v2\/product"}],"about":[{"href":"https:\/\/modirjord.is\/en\/wp-json\/wp\/v2\/types\/product"}],"wp:featuredmedia":[{"embeddable":true,"href":"https:\/\/modirjord.is\/en\/wp-json\/wp\/v2\/media\/5553"}],"wp:attachment":[{"href":"https:\/\/modirjord.is\/en\/wp-json\/wp\/v2\/media?parent=5551"}],"wp:term":[{"taxonomy":"product_cat","embeddable":true,"href":"https:\/\/modirjord.is\/en\/wp-json\/wp\/v2\/product_cat?post=5551"},{"taxonomy":"product_tag","embeddable":true,"href":"https:\/\/modirjord.is\/en\/wp-json\/wp\/v2\/product_tag?post=5551"}],"curies":[{"name":"wp","href":"https:\/\/api.w.org\/{rel}","templated":true}]}}