{"id":5388,"date":"2022-12-10T11:31:24","date_gmt":"2022-12-10T11:31:24","guid":{"rendered":"https:\/\/modirjord.is\/?post_type=product&#038;p=5388"},"modified":"2026-03-24T08:37:25","modified_gmt":"2026-03-24T08:37:25","slug":"bopp","status":"publish","type":"product","link":"https:\/\/modirjord.is\/en\/product\/bopp\/","title":{"rendered":"Bopp"},"content":{"rendered":"<p>Boppa\u00f0ar byggk\u00f6kur, Bopp, er fr\u00e1b\u00e6rt snakk e\u00f0a grunnur a\u00f0 sm\u00e1snittum.<\/p>","protected":false},"excerpt":{"rendered":"<p>45 g<\/p>","protected":false},"featured_media":5560,"template":"","meta":[],"product_cat":[89],"product_tag":[],"class_list":{"0":"post-5388","1":"product","2":"type-product","3":"status-publish","4":"has-post-thumbnail","6":"product_cat-bakstur-og-blondur","8":"first","9":"instock","10":"shipping-taxable","11":"purchasable","12":"product-type-simple"},"_links":{"self":[{"href":"https:\/\/modirjord.is\/en\/wp-json\/wp\/v2\/product\/5388"}],"collection":[{"href":"https:\/\/modirjord.is\/en\/wp-json\/wp\/v2\/product"}],"about":[{"href":"https:\/\/modirjord.is\/en\/wp-json\/wp\/v2\/types\/product"}],"wp:featuredmedia":[{"embeddable":true,"href":"https:\/\/modirjord.is\/en\/wp-json\/wp\/v2\/media\/5560"}],"wp:attachment":[{"href":"https:\/\/modirjord.is\/en\/wp-json\/wp\/v2\/media?parent=5388"}],"wp:term":[{"taxonomy":"product_cat","embeddable":true,"href":"https:\/\/modirjord.is\/en\/wp-json\/wp\/v2\/product_cat?post=5388"},{"taxonomy":"product_tag","embeddable":true,"href":"https:\/\/modirjord.is\/en\/wp-json\/wp\/v2\/product_tag?post=5388"}],"curies":[{"name":"wp","href":"https:\/\/api.w.org\/{rel}","templated":true}]}}