{"id":5371,"date":"2022-12-01T18:47:41","date_gmt":"2022-12-01T18:47:41","guid":{"rendered":"https:\/\/modirjord.is\/?post_type=product&#038;p=5371"},"modified":"2023-12-19T09:28:35","modified_gmt":"2023-12-19T09:28:35","slug":"morgunfru","status":"publish","type":"product","link":"https:\/\/modirjord.is\/en\/product\/morgunfru\/","title":{"rendered":"Morgunfr\u00fa"},"content":{"rendered":"<p>\u00deurrku\u00f0 og mulin lauf af Morgunfr\u00fa, lauf og bl\u00f3m.\u00a0 Tejurtir \u00ed lausu, pakkinn inniheldur einnig 2 margnota te grisjur \u00far b\u00f3mull.\u00a0 Pakka\u00f0 \u00ed sell\u00f3fan poka sem er 100% ni\u00f0urbrj\u00f3tanlegur.<\/p>","protected":false},"excerpt":{"rendered":"<p>\u00deurrku\u00f0 og mulin lauf af Morgunfr\u00fa, lauf og bl\u00f3m.\u00a0 Tejurtir \u00ed lausu, pakkinn inniheldur einnig 2 margnota te grisjur \u00far b\u00f3mull.\u00a0 Pakka\u00f0 \u00ed sell\u00f3fan poka sem er 100% ni\u00f0urbrj\u00f3tanlegur.<\/p>","protected":false},"featured_media":5366,"template":"","meta":[],"product_cat":[92],"product_tag":[],"class_list":{"0":"post-5371","1":"product","2":"type-product","3":"status-publish","4":"has-post-thumbnail","6":"product_cat-olia-og-jurtir","8":"first","9":"outofstock","10":"shipping-taxable","11":"purchasable","12":"product-type-simple"},"_links":{"self":[{"href":"https:\/\/modirjord.is\/en\/wp-json\/wp\/v2\/product\/5371"}],"collection":[{"href":"https:\/\/modirjord.is\/en\/wp-json\/wp\/v2\/product"}],"about":[{"href":"https:\/\/modirjord.is\/en\/wp-json\/wp\/v2\/types\/product"}],"wp:featuredmedia":[{"embeddable":true,"href":"https:\/\/modirjord.is\/en\/wp-json\/wp\/v2\/media\/5366"}],"wp:attachment":[{"href":"https:\/\/modirjord.is\/en\/wp-json\/wp\/v2\/media?parent=5371"}],"wp:term":[{"taxonomy":"product_cat","embeddable":true,"href":"https:\/\/modirjord.is\/en\/wp-json\/wp\/v2\/product_cat?post=5371"},{"taxonomy":"product_tag","embeddable":true,"href":"https:\/\/modirjord.is\/en\/wp-json\/wp\/v2\/product_tag?post=5371"}],"curies":[{"name":"wp","href":"https:\/\/api.w.org\/{rel}","templated":true}]}}