{"id":5218,"date":"2021-12-03T17:14:34","date_gmt":"2021-12-03T17:14:34","guid":{"rendered":"https:\/\/modirjord.is\/?post_type=product&#038;p=5218"},"modified":"2026-01-22T11:47:30","modified_gmt":"2026-01-22T11:47:30","slug":"heilhveitikorn","status":"publish","type":"product","link":"https:\/\/modirjord.is\/en\/product\/heilhveitikorn\/","title":{"rendered":"Whole wheat hulled"},"content":{"rendered":"<p>Heilhveitikorn er heilt korn \u00e6tla\u00f0 \u00feeim sem vilja mala sitt korn sj\u00e1lfir.\u00a0 Einnig m\u00e1 sj\u00f3\u00f0a grj\u00f3nin og b\u00e6ta vi\u00f0 brau\u00f0deig.\u00a0 Tilvali\u00f0 \u00ed s\u00fardeigsbakstur. Heilhveiti M\u00f3\u00f0ur Jar\u00f0ar \u00f3x \u00ed Vallanesi vi\u00f0 ein bestu skilyr\u00f0i sem skapast hafa \u00e1 Austurlandi til kornr\u00e6ktar. Sumari\u00f0 2025 var s\u00f3lr\u00edkt og hl\u00fdtt sem skila\u00f0i s\u00e9r \u00ed g\u00f3\u00f0um korn\u00feroska, brag\u00f0i og g\u00e6\u00f0um.<\/p>","protected":false},"excerpt":{"rendered":"<p>1 kg<\/p>","protected":false},"featured_media":5217,"template":"","meta":[],"product_cat":[88],"product_tag":[],"class_list":{"0":"post-5218","1":"product","2":"type-product","3":"status-publish","4":"has-post-thumbnail","6":"product_cat-kornvorur","8":"first","9":"instock","10":"shipping-taxable","11":"purchasable","12":"product-type-simple"},"_links":{"self":[{"href":"https:\/\/modirjord.is\/en\/wp-json\/wp\/v2\/product\/5218"}],"collection":[{"href":"https:\/\/modirjord.is\/en\/wp-json\/wp\/v2\/product"}],"about":[{"href":"https:\/\/modirjord.is\/en\/wp-json\/wp\/v2\/types\/product"}],"wp:featuredmedia":[{"embeddable":true,"href":"https:\/\/modirjord.is\/en\/wp-json\/wp\/v2\/media\/5217"}],"wp:attachment":[{"href":"https:\/\/modirjord.is\/en\/wp-json\/wp\/v2\/media?parent=5218"}],"wp:term":[{"taxonomy":"product_cat","embeddable":true,"href":"https:\/\/modirjord.is\/en\/wp-json\/wp\/v2\/product_cat?post=5218"},{"taxonomy":"product_tag","embeddable":true,"href":"https:\/\/modirjord.is\/en\/wp-json\/wp\/v2\/product_tag?post=5218"}],"curies":[{"name":"wp","href":"https:\/\/api.w.org\/{rel}","templated":true}]}}