{"id":5190,"date":"2021-11-06T16:39:44","date_gmt":"2021-11-06T16:39:44","guid":{"rendered":"https:\/\/modirjord.is\/?post_type=product&#038;p=5190"},"modified":"2026-03-10T08:36:24","modified_gmt":"2026-03-10T08:36:24","slug":"likamsskrubb","status":"publish","type":"product","link":"https:\/\/modirjord.is\/en\/product\/likamsskrubb\/","title":{"rendered":"L\u00edkamsskr\u00fabb"},"content":{"rendered":"<p>L\u00edkamsskr\u00fabb M\u00f3\u00f0ur Jar\u00f0ar hreinsar og m\u00fdkir h\u00fa\u00f0ina.\u00a0 \u00deessi vara er ger\u00f0 \u00far hli\u00f0arafur\u00f0 sem til ver\u00f0ur vi\u00f0 pressun repjuol\u00edu, \u00fe.e. skelinni af repjufr\u00e6inu.\u00a0 Gott er a\u00f0 nudda allan l\u00edkamann me\u00f0 skr\u00fabbinu til a\u00f0 auka bl\u00f3\u00f0fl\u00e6\u00f0i \u00ed h\u00fa\u00f0inni.\u00a0 Innihald fl\u00f6skunnar dugar \u00ed eina me\u00f0fer\u00f0 \u00e1 allan l\u00edkamann.<\/p>","protected":false},"excerpt":{"rendered":"<p>100 ml<\/p>","protected":false},"featured_media":5191,"template":"","meta":[],"product_cat":[93],"product_tag":[],"class_list":{"0":"post-5190","1":"product","2":"type-product","3":"status-publish","4":"has-post-thumbnail","6":"product_cat-hudvorur","8":"first","9":"outofstock","10":"shipping-taxable","11":"purchasable","12":"product-type-simple"},"_links":{"self":[{"href":"https:\/\/modirjord.is\/en\/wp-json\/wp\/v2\/product\/5190"}],"collection":[{"href":"https:\/\/modirjord.is\/en\/wp-json\/wp\/v2\/product"}],"about":[{"href":"https:\/\/modirjord.is\/en\/wp-json\/wp\/v2\/types\/product"}],"wp:featuredmedia":[{"embeddable":true,"href":"https:\/\/modirjord.is\/en\/wp-json\/wp\/v2\/media\/5191"}],"wp:attachment":[{"href":"https:\/\/modirjord.is\/en\/wp-json\/wp\/v2\/media?parent=5190"}],"wp:term":[{"taxonomy":"product_cat","embeddable":true,"href":"https:\/\/modirjord.is\/en\/wp-json\/wp\/v2\/product_cat?post=5190"},{"taxonomy":"product_tag","embeddable":true,"href":"https:\/\/modirjord.is\/en\/wp-json\/wp\/v2\/product_tag?post=5190"}],"curies":[{"name":"wp","href":"https:\/\/api.w.org\/{rel}","templated":true}]}}