{"id":5188,"date":"2021-11-06T15:31:07","date_gmt":"2021-11-06T15:31:07","guid":{"rendered":"https:\/\/modirjord.is\/?post_type=product&#038;p=5188"},"modified":"2025-12-19T08:43:04","modified_gmt":"2025-12-19T08:43:04","slug":"mynta-og-kamilla","status":"publish","type":"product","link":"https:\/\/modirjord.is\/en\/product\/mynta-og-kamilla\/","title":{"rendered":"Mynta og kamilla"},"content":{"rendered":"<p>\u00deurrku\u00f0 og mulin lauf af myntu og kamillu.\u00a0 Tejurtir \u00ed lausu, pakkinn inniheldur einnig 2 margnota te grisjur \u00far b\u00f3mull. Pakka\u00f0 \u00ed sell\u00f3fan poka sem er 100% ni\u00f0urbrj\u00f3tanlegur.<\/p>","protected":false},"excerpt":{"rendered":"<p>20 g<\/p>","protected":false},"featured_media":5367,"template":"","meta":[],"product_cat":[92],"product_tag":[],"class_list":{"0":"post-5188","1":"product","2":"type-product","3":"status-publish","4":"has-post-thumbnail","6":"product_cat-olia-og-jurtir","8":"first","9":"outofstock","10":"shipping-taxable","11":"purchasable","12":"product-type-simple"},"_links":{"self":[{"href":"https:\/\/modirjord.is\/en\/wp-json\/wp\/v2\/product\/5188"}],"collection":[{"href":"https:\/\/modirjord.is\/en\/wp-json\/wp\/v2\/product"}],"about":[{"href":"https:\/\/modirjord.is\/en\/wp-json\/wp\/v2\/types\/product"}],"wp:featuredmedia":[{"embeddable":true,"href":"https:\/\/modirjord.is\/en\/wp-json\/wp\/v2\/media\/5367"}],"wp:attachment":[{"href":"https:\/\/modirjord.is\/en\/wp-json\/wp\/v2\/media?parent=5188"}],"wp:term":[{"taxonomy":"product_cat","embeddable":true,"href":"https:\/\/modirjord.is\/en\/wp-json\/wp\/v2\/product_cat?post=5188"},{"taxonomy":"product_tag","embeddable":true,"href":"https:\/\/modirjord.is\/en\/wp-json\/wp\/v2\/product_tag?post=5188"}],"curies":[{"name":"wp","href":"https:\/\/api.w.org\/{rel}","templated":true}]}}