{"id":5173,"date":"2021-11-06T10:30:57","date_gmt":"2021-11-06T10:30:57","guid":{"rendered":"https:\/\/modirjord.is\/?post_type=product&#038;p=5173"},"modified":"2024-12-18T12:57:04","modified_gmt":"2024-12-18T12:57:04","slug":"mondlukartoflur-raudar","status":"publish","type":"product","link":"https:\/\/modirjord.is\/en\/product\/mondlukartoflur-raudar\/","title":{"rendered":"Rau\u00f0ar M\u00f6ndlu-kart\u00f6flur 2kg"},"content":{"rendered":"<p>Rau\u00f0ar m\u00f6ndlurkart\u00f6flur, \u00f3flokka\u00f0ar.\u00a0 Hafa fallegan rau\u00f0an lit.\u00a0 Henta vel \u00ed kart\u00f6flum\u00fas enda \u00fe\u00e9ttar og blandast vel.<\/p>","protected":false},"excerpt":{"rendered":"<p>2 kg.<\/p>","protected":false},"featured_media":5169,"template":"","meta":[],"product_cat":[87],"product_tag":[],"class_list":{"0":"post-5173","1":"product","2":"type-product","3":"status-publish","4":"has-post-thumbnail","6":"product_cat-ferskt-graenmeti","8":"first","9":"outofstock","10":"shipping-taxable","11":"purchasable","12":"product-type-simple"},"_links":{"self":[{"href":"https:\/\/modirjord.is\/en\/wp-json\/wp\/v2\/product\/5173"}],"collection":[{"href":"https:\/\/modirjord.is\/en\/wp-json\/wp\/v2\/product"}],"about":[{"href":"https:\/\/modirjord.is\/en\/wp-json\/wp\/v2\/types\/product"}],"wp:featuredmedia":[{"embeddable":true,"href":"https:\/\/modirjord.is\/en\/wp-json\/wp\/v2\/media\/5169"}],"wp:attachment":[{"href":"https:\/\/modirjord.is\/en\/wp-json\/wp\/v2\/media?parent=5173"}],"wp:term":[{"taxonomy":"product_cat","embeddable":true,"href":"https:\/\/modirjord.is\/en\/wp-json\/wp\/v2\/product_cat?post=5173"},{"taxonomy":"product_tag","embeddable":true,"href":"https:\/\/modirjord.is\/en\/wp-json\/wp\/v2\/product_tag?post=5173"}],"curies":[{"name":"wp","href":"https:\/\/api.w.org\/{rel}","templated":true}]}}