{"id":5172,"date":"2021-11-06T10:24:51","date_gmt":"2021-11-06T10:24:51","guid":{"rendered":"https:\/\/modirjord.is\/?post_type=product&#038;p=5172"},"modified":"2024-04-12T15:16:54","modified_gmt":"2024-04-12T15:16:54","slug":"raudar-mondlukartoflur","status":"publish","type":"product","link":"https:\/\/modirjord.is\/en\/product\/raudar-mondlukartoflur\/","title":{"rendered":"Gular M\u00f6ndlu-kart\u00f6flur"},"content":{"rendered":"<p>Einkar lj\u00faffengar, gular m\u00f6ndlukart\u00f6flur.\u00a0 \u00de\u00e9ttar \u00ed s\u00e9r og me\u00f0 mikla m\u00fdkt \u00ed brag\u00f0i.\u00a0 Henta vel \u00ed kart\u00f6flum\u00fas t.d.<\/p>","protected":false},"excerpt":{"rendered":"<p>2 kg.<\/p>","protected":false},"featured_media":5168,"template":"","meta":[],"product_cat":[87],"product_tag":[],"class_list":{"0":"post-5172","1":"product","2":"type-product","3":"status-publish","4":"has-post-thumbnail","6":"product_cat-ferskt-graenmeti","8":"first","9":"outofstock","10":"shipping-taxable","11":"purchasable","12":"product-type-simple"},"_links":{"self":[{"href":"https:\/\/modirjord.is\/en\/wp-json\/wp\/v2\/product\/5172"}],"collection":[{"href":"https:\/\/modirjord.is\/en\/wp-json\/wp\/v2\/product"}],"about":[{"href":"https:\/\/modirjord.is\/en\/wp-json\/wp\/v2\/types\/product"}],"wp:featuredmedia":[{"embeddable":true,"href":"https:\/\/modirjord.is\/en\/wp-json\/wp\/v2\/media\/5168"}],"wp:attachment":[{"href":"https:\/\/modirjord.is\/en\/wp-json\/wp\/v2\/media?parent=5172"}],"wp:term":[{"taxonomy":"product_cat","embeddable":true,"href":"https:\/\/modirjord.is\/en\/wp-json\/wp\/v2\/product_cat?post=5172"},{"taxonomy":"product_tag","embeddable":true,"href":"https:\/\/modirjord.is\/en\/wp-json\/wp\/v2\/product_tag?post=5172"}],"curies":[{"name":"wp","href":"https:\/\/api.w.org\/{rel}","templated":true}]}}