{"id":5050,"date":"2020-09-24T17:21:31","date_gmt":"2020-09-24T17:21:31","guid":{"rendered":"https:\/\/modirjord.is\/?post_type=product&#038;p=5050"},"modified":"2021-03-20T11:33:51","modified_gmt":"2021-03-20T11:33:51","slug":"hnetusteik-4x125g","status":"publish","type":"product","link":"https:\/\/modirjord.is\/en\/product\/hnetusteik-4x125g\/","title":{"rendered":"Hnetusteik 4x125g"},"content":{"rendered":"<p>Tilb\u00fain gr\u00e6nmetisbuff, \u00e6tlu\u00f0 til hitunar.\u00a0 Buffin eru frystivara og ekki til \u00ed netverslun okkar sem stendur.\u00a0 F\u00e6st \u00ed Fjar\u00f0arkaup, Fr\u00fa Laugu, Gott og blessa\u00f0, Hagkaup, Kr\u00f3nunni, Melab\u00fa\u00f0inni, Matarb\u00fa\u00f0inni N\u00e1ndin og \u00ed verslunum Nett\u00f3 um land allt.<\/p>","protected":false},"excerpt":{"rendered":"<p>Tilb\u00fain gr\u00e6nmetisbuff, \u00e6tlu\u00f0 til hitunar.\u00a0 Buffin eru frystivara og ekki til \u00ed netverslun okkar sem stendur.\u00a0 F\u00e6st \u00ed Fjar\u00f0arkaup, Fr\u00fa Laugu, Gott og blessa\u00f0, Hagkaup, Kr\u00f3nunni, Melab\u00fa\u00f0inni, Matarb\u00fa\u00f0inni N\u00e1ndin og \u00ed verslunum Nett\u00f3 um land allt.<\/p>","protected":false},"featured_media":3953,"template":"","meta":[],"product_cat":[101],"product_tag":[],"class_list":{"0":"post-5050","1":"product","2":"type-product","3":"status-publish","4":"has-post-thumbnail","6":"product_cat-graenmetisrettir","8":"first","9":"outofstock","10":"shipping-taxable","11":"product-type-simple"},"_links":{"self":[{"href":"https:\/\/modirjord.is\/en\/wp-json\/wp\/v2\/product\/5050"}],"collection":[{"href":"https:\/\/modirjord.is\/en\/wp-json\/wp\/v2\/product"}],"about":[{"href":"https:\/\/modirjord.is\/en\/wp-json\/wp\/v2\/types\/product"}],"wp:featuredmedia":[{"embeddable":true,"href":"https:\/\/modirjord.is\/en\/wp-json\/wp\/v2\/media\/3953"}],"wp:attachment":[{"href":"https:\/\/modirjord.is\/en\/wp-json\/wp\/v2\/media?parent=5050"}],"wp:term":[{"taxonomy":"product_cat","embeddable":true,"href":"https:\/\/modirjord.is\/en\/wp-json\/wp\/v2\/product_cat?post=5050"},{"taxonomy":"product_tag","embeddable":true,"href":"https:\/\/modirjord.is\/en\/wp-json\/wp\/v2\/product_tag?post=5050"}],"curies":[{"name":"wp","href":"https:\/\/api.w.org\/{rel}","templated":true}]}}