{"id":4994,"date":"2020-11-21T11:32:12","date_gmt":"2020-11-21T11:32:12","guid":{"rendered":"https:\/\/modirjord.webdev.is\/?post_type=product&#038;p=4994"},"modified":"2021-03-20T11:24:49","modified_gmt":"2021-03-20T11:24:49","slug":"baunabuff","status":"publish","type":"product","link":"https:\/\/modirjord.is\/en\/product\/baunabuff\/","title":{"rendered":"Baunabuff"},"content":{"rendered":"<p>Tilb\u00fain gr\u00e6nmetisbuff, \u00e6tlu\u00f0 til hitunar. Gr\u00e6nmetisbuff M\u00f3\u00f0ur Jar\u00f0ar f\u00e1st \u00ed Fjar\u00f0arkaup, Fr\u00fa Laugu, Gott og blessa\u00f0, Hagkaup, Kr\u00f3nunni, Melab\u00fa\u00f0inni, Matarb\u00fa\u00f0inni N\u00e1ndin og \u00ed verslunum Nett\u00f3 um land allt. Buffin er frystivara og ekki til \u00ed netverslun enn sem komi\u00f0 er.<\/p>","protected":false},"excerpt":{"rendered":"<p>Tilb\u00fain gr\u00e6nmetisbuff, \u00e6tlu\u00f0 til hitunar. Gr\u00e6nmetisbuff M\u00f3\u00f0ur Jar\u00f0ar f\u00e1st \u00ed Fjar\u00f0arkaup, Fr\u00fa Laugu, Gott og blessa\u00f0, Hagkaup, Kr\u00f3nunni, Melab\u00fa\u00f0inni, Matarb\u00fa\u00f0inni N\u00e1ndin og \u00ed verslunum Nett\u00f3 um land allt. Buffin er frystivara og ekki til \u00ed netverslun enn sem komi\u00f0 er.<\/p>","protected":false},"featured_media":4992,"template":"","meta":[],"product_cat":[101],"product_tag":[],"class_list":{"0":"post-4994","1":"product","2":"type-product","3":"status-publish","4":"has-post-thumbnail","6":"product_cat-graenmetisrettir","8":"first","9":"outofstock","10":"shipping-taxable","11":"product-type-simple"},"_links":{"self":[{"href":"https:\/\/modirjord.is\/en\/wp-json\/wp\/v2\/product\/4994"}],"collection":[{"href":"https:\/\/modirjord.is\/en\/wp-json\/wp\/v2\/product"}],"about":[{"href":"https:\/\/modirjord.is\/en\/wp-json\/wp\/v2\/types\/product"}],"wp:featuredmedia":[{"embeddable":true,"href":"https:\/\/modirjord.is\/en\/wp-json\/wp\/v2\/media\/4992"}],"wp:attachment":[{"href":"https:\/\/modirjord.is\/en\/wp-json\/wp\/v2\/media?parent=4994"}],"wp:term":[{"taxonomy":"product_cat","embeddable":true,"href":"https:\/\/modirjord.is\/en\/wp-json\/wp\/v2\/product_cat?post=4994"},{"taxonomy":"product_tag","embeddable":true,"href":"https:\/\/modirjord.is\/en\/wp-json\/wp\/v2\/product_tag?post=4994"}],"curies":[{"name":"wp","href":"https:\/\/api.w.org\/{rel}","templated":true}]}}