{"id":3773,"date":"2020-12-01T10:06:45","date_gmt":"2020-12-01T10:06:45","guid":{"rendered":"https:\/\/modirjord.webdev.is\/product\/gjafapoki-5-vorur\/"},"modified":"2025-12-19T08:57:27","modified_gmt":"2025-12-19T08:57:27","slug":"gjafapoki-5-vorur","status":"publish","type":"product","link":"https:\/\/modirjord.is\/en\/product\/gjafapoki-5-vorur\/","title":{"rendered":"Gjafapoki  &#8211; 5 v\u00f6rur"},"content":{"rendered":"<p>Gjafapoki \u00far br\u00e9fi me\u00f0 5 v\u00f6ldum s\u00e6lkerav\u00f6rum M\u00f3\u00f0ur Jar\u00f0ar.\u00a0 V\u00f6runum er pakka\u00f0 \u00ed \u00feykkan papp\u00edrspoka, skreyttur me\u00f0 n\u00e1tt\u00faruskreytingum.<\/p>","protected":false},"excerpt":{"rendered":"<p>5 v\u00f6rur<\/p>","protected":false},"featured_media":4203,"template":"","meta":[],"product_cat":[100],"product_tag":[],"class_list":{"0":"post-3773","1":"product","2":"type-product","3":"status-publish","4":"has-post-thumbnail","6":"product_cat-gjafavara","8":"first","9":"outofstock","10":"shipping-taxable","11":"purchasable","12":"product-type-simple"},"_links":{"self":[{"href":"https:\/\/modirjord.is\/en\/wp-json\/wp\/v2\/product\/3773"}],"collection":[{"href":"https:\/\/modirjord.is\/en\/wp-json\/wp\/v2\/product"}],"about":[{"href":"https:\/\/modirjord.is\/en\/wp-json\/wp\/v2\/types\/product"}],"wp:featuredmedia":[{"embeddable":true,"href":"https:\/\/modirjord.is\/en\/wp-json\/wp\/v2\/media\/4203"}],"wp:attachment":[{"href":"https:\/\/modirjord.is\/en\/wp-json\/wp\/v2\/media?parent=3773"}],"wp:term":[{"taxonomy":"product_cat","embeddable":true,"href":"https:\/\/modirjord.is\/en\/wp-json\/wp\/v2\/product_cat?post=3773"},{"taxonomy":"product_tag","embeddable":true,"href":"https:\/\/modirjord.is\/en\/wp-json\/wp\/v2\/product_tag?post=3773"}],"curies":[{"name":"wp","href":"https:\/\/api.w.org\/{rel}","templated":true}]}}