{"id":3772,"date":"2020-11-01T10:06:45","date_gmt":"2020-11-01T10:06:45","guid":{"rendered":"https:\/\/modirjord.webdev.is\/product\/rappaport-gjafakassi-6-vorur\/"},"modified":"2022-12-11T10:53:23","modified_gmt":"2022-12-11T10:53:23","slug":"rappaport-gjafakassi-6-vorur","status":"publish","type":"product","link":"https:\/\/modirjord.is\/en\/product\/rappaport-gjafakassi-6-vorur\/","title":{"rendered":"Rappaport gjafakassi 6 v\u00f6rur"},"content":{"rendered":"<p>Gjafakassarnir okkar eru \u00far \u00edslenskri \u00f6sp, hanna\u00f0ir af Thomasi Rappaport. Einst\u00f6k gj\u00f6f og handverk. Kassarnir eru \u00f3me\u00f0h\u00f6ndla\u00f0ir og loki\u00f0 m\u00e1 nota sem bakka, kassinn er fallegur nytjahlutur. Vi\u00f0 g\u00f6ngum fr\u00e1 kassanum innp\u00f6kku\u00f0um me\u00f0 n\u00e1tt\u00farulegum skreytingum.<\/p>","protected":false},"excerpt":{"rendered":"<p>6 v\u00f6rur<\/p>","protected":false},"featured_media":4163,"template":"","meta":[],"product_cat":[100],"product_tag":[],"class_list":{"0":"post-3772","1":"product","2":"type-product","3":"status-publish","4":"has-post-thumbnail","6":"product_cat-gjafavara","8":"first","9":"outofstock","10":"shipping-taxable","11":"purchasable","12":"product-type-simple"},"_links":{"self":[{"href":"https:\/\/modirjord.is\/en\/wp-json\/wp\/v2\/product\/3772"}],"collection":[{"href":"https:\/\/modirjord.is\/en\/wp-json\/wp\/v2\/product"}],"about":[{"href":"https:\/\/modirjord.is\/en\/wp-json\/wp\/v2\/types\/product"}],"wp:featuredmedia":[{"embeddable":true,"href":"https:\/\/modirjord.is\/en\/wp-json\/wp\/v2\/media\/4163"}],"wp:attachment":[{"href":"https:\/\/modirjord.is\/en\/wp-json\/wp\/v2\/media?parent=3772"}],"wp:term":[{"taxonomy":"product_cat","embeddable":true,"href":"https:\/\/modirjord.is\/en\/wp-json\/wp\/v2\/product_cat?post=3772"},{"taxonomy":"product_tag","embeddable":true,"href":"https:\/\/modirjord.is\/en\/wp-json\/wp\/v2\/product_tag?post=3772"}],"curies":[{"name":"wp","href":"https:\/\/api.w.org\/{rel}","templated":true}]}}