{"id":3767,"date":"2020-12-01T10:06:44","date_gmt":"2020-12-01T10:06:44","guid":{"rendered":"https:\/\/modirjord.webdev.is\/product\/lifolia-300-ml\/"},"modified":"2026-03-13T07:13:48","modified_gmt":"2026-03-13T07:13:48","slug":"lifolia-300-ml","status":"publish","type":"product","link":"https:\/\/modirjord.is\/en\/product\/lifolia-300-ml\/","title":{"rendered":"L\u00edfol\u00eda 300 ml"},"content":{"rendered":"<p>L\u00edfol\u00eda er dj\u00fapvirk nuddol\u00eda, b\u00f3lguey\u00f0andi og hreinsandi. H\u00fan er g\u00f3\u00f0 fyrir v\u00f6\u00f0va, li\u00f0i og bj\u00fag og s\u00e9rlega g\u00f3\u00f0 fyrir sog\u00e6\u00f0akerfi\u00f0. M\u00fdkjandi og gr\u00e6\u00f0andi, hentar vel \u00e1 \u00feurra og sprungna h\u00fa\u00f0. 300ml.\u00a0 Me\u00f0 pumpu.<\/p>","protected":false},"excerpt":{"rendered":"<p>300ml<\/p>","protected":false},"featured_media":5361,"template":"","meta":[],"product_cat":[93],"product_tag":[],"class_list":{"0":"post-3767","1":"product","2":"type-product","3":"status-publish","4":"has-post-thumbnail","6":"product_cat-hudvorur","8":"first","9":"instock","10":"shipping-taxable","11":"purchasable","12":"product-type-simple"},"_links":{"self":[{"href":"https:\/\/modirjord.is\/en\/wp-json\/wp\/v2\/product\/3767"}],"collection":[{"href":"https:\/\/modirjord.is\/en\/wp-json\/wp\/v2\/product"}],"about":[{"href":"https:\/\/modirjord.is\/en\/wp-json\/wp\/v2\/types\/product"}],"wp:featuredmedia":[{"embeddable":true,"href":"https:\/\/modirjord.is\/en\/wp-json\/wp\/v2\/media\/5361"}],"wp:attachment":[{"href":"https:\/\/modirjord.is\/en\/wp-json\/wp\/v2\/media?parent=3767"}],"wp:term":[{"taxonomy":"product_cat","embeddable":true,"href":"https:\/\/modirjord.is\/en\/wp-json\/wp\/v2\/product_cat?post=3767"},{"taxonomy":"product_tag","embeddable":true,"href":"https:\/\/modirjord.is\/en\/wp-json\/wp\/v2\/product_tag?post=3767"}],"curies":[{"name":"wp","href":"https:\/\/api.w.org\/{rel}","templated":true}]}}