{"id":3761,"date":"2020-12-01T10:06:43","date_gmt":"2020-12-01T10:06:43","guid":{"rendered":"https:\/\/modirjord.webdev.is\/product\/repjuolia-100ml\/"},"modified":"2023-12-19T09:31:46","modified_gmt":"2023-12-19T09:31:46","slug":"repjuolia-100ml","status":"publish","type":"product","link":"https:\/\/modirjord.is\/en\/product\/repjuolia-100ml\/","title":{"rendered":"Repjuol\u00eda 100ml"},"content":{"rendered":"<p>Repjuol\u00eda er holl og hentug til matarger\u00f0ar, af \u00f6llum matarol\u00edum hefur h\u00fan l\u00e6gst hlutfall af metta\u00f0ri fitu. H\u00e1tt hlutfall af ein\u00f3mettu\u00f0um fitus\u00fdrum og 3svar sinnum meira af fj\u00f6l\u00f3mettu\u00f0um fitus\u00fdrum en \u00f3l\u00edfuol\u00eda. Jj\u00f3mfr\u00faarol\u00eda sem hentar best a\u00f0 nota ferska \u00ed \u00fdmsa matarger\u00f0. H\u00fan er einnig mj\u00f6g hita\u00feolin og hentar \u00fev\u00ed l\u00edka vel til a\u00f0 steikja \u00far og til baksturs. 100ml.<\/p>","protected":false},"excerpt":{"rendered":"<p>100ml<\/p>","protected":false},"featured_media":3857,"template":"","meta":[],"product_cat":[92],"product_tag":[],"class_list":{"0":"post-3761","1":"product","2":"type-product","3":"status-publish","4":"has-post-thumbnail","6":"product_cat-olia-og-jurtir","8":"first","9":"outofstock","10":"shipping-taxable","11":"purchasable","12":"product-type-simple"},"_links":{"self":[{"href":"https:\/\/modirjord.is\/en\/wp-json\/wp\/v2\/product\/3761"}],"collection":[{"href":"https:\/\/modirjord.is\/en\/wp-json\/wp\/v2\/product"}],"about":[{"href":"https:\/\/modirjord.is\/en\/wp-json\/wp\/v2\/types\/product"}],"wp:featuredmedia":[{"embeddable":true,"href":"https:\/\/modirjord.is\/en\/wp-json\/wp\/v2\/media\/3857"}],"wp:attachment":[{"href":"https:\/\/modirjord.is\/en\/wp-json\/wp\/v2\/media?parent=3761"}],"wp:term":[{"taxonomy":"product_cat","embeddable":true,"href":"https:\/\/modirjord.is\/en\/wp-json\/wp\/v2\/product_cat?post=3761"},{"taxonomy":"product_tag","embeddable":true,"href":"https:\/\/modirjord.is\/en\/wp-json\/wp\/v2\/product_tag?post=3761"}],"curies":[{"name":"wp","href":"https:\/\/api.w.org\/{rel}","templated":true}]}}