{"id":3758,"date":"2020-12-01T10:06:43","date_gmt":"2020-12-01T10:06:43","guid":{"rendered":"https:\/\/modirjord.webdev.is\/product\/repjuolia-500-ml\/"},"modified":"2024-12-09T07:54:57","modified_gmt":"2024-12-09T07:54:57","slug":"repjuolia-500-ml","status":"publish","type":"product","link":"https:\/\/modirjord.is\/en\/product\/repjuolia-500-ml\/","title":{"rendered":"Repjuol\u00eda 500 ml"},"content":{"rendered":"<p>St\u00e6rri flaska af Repjuol\u00edunni okkar hentar \u00fear sem notkun er mikil.\u00a0 Repjuol\u00eda er holl og hentug til matarger\u00f0ar, af \u00f6llum matarol\u00edum hefur h\u00fan l\u00e6gst hlutfall af metta\u00f0ri fitu. H\u00e1tt hlutfall af ein\u00f3mettu\u00f0um fitus\u00fdrum og 3svar sinnum meira af fj\u00f6l\u00f3mettu\u00f0um fitus\u00fdrum en \u00f3l\u00edfuol\u00eda. J\u00f3mfr\u00faarol\u00eda sem hentar best a\u00f0 nota ferska \u00ed \u00fdmsa matarger\u00f0. H\u00fan er einnig mj\u00f6g hita\u00feolin og hentar \u00fev\u00ed l\u00edka vel til a\u00f0 steikja \u00far og til baksturs. 500 ml<\/p>","protected":false},"excerpt":{"rendered":"<p>500ml<\/p>","protected":false},"featured_media":3939,"template":"","meta":[],"product_cat":[92],"product_tag":[],"class_list":{"0":"post-3758","1":"product","2":"type-product","3":"status-publish","4":"has-post-thumbnail","6":"product_cat-olia-og-jurtir","8":"first","9":"outofstock","10":"shipping-taxable","11":"purchasable","12":"product-type-simple"},"_links":{"self":[{"href":"https:\/\/modirjord.is\/en\/wp-json\/wp\/v2\/product\/3758"}],"collection":[{"href":"https:\/\/modirjord.is\/en\/wp-json\/wp\/v2\/product"}],"about":[{"href":"https:\/\/modirjord.is\/en\/wp-json\/wp\/v2\/types\/product"}],"wp:featuredmedia":[{"embeddable":true,"href":"https:\/\/modirjord.is\/en\/wp-json\/wp\/v2\/media\/3939"}],"wp:attachment":[{"href":"https:\/\/modirjord.is\/en\/wp-json\/wp\/v2\/media?parent=3758"}],"wp:term":[{"taxonomy":"product_cat","embeddable":true,"href":"https:\/\/modirjord.is\/en\/wp-json\/wp\/v2\/product_cat?post=3758"},{"taxonomy":"product_tag","embeddable":true,"href":"https:\/\/modirjord.is\/en\/wp-json\/wp\/v2\/product_tag?post=3758"}],"curies":[{"name":"wp","href":"https:\/\/api.w.org\/{rel}","templated":true}]}}