{"id":3748,"date":"2020-12-01T10:06:42","date_gmt":"2020-12-01T10:06:42","guid":{"rendered":"https:\/\/modirjord.webdev.is\/product\/syrt-hnudkal-360g\/"},"modified":"2025-11-11T10:50:11","modified_gmt":"2025-11-11T10:50:11","slug":"syrt-hnudkal-360g","status":"publish","type":"product","link":"https:\/\/modirjord.is\/en\/product\/syrt-hnudkal-360g\/","title":{"rendered":"Fermented Kohlrabi"},"content":{"rendered":"<p>Hn\u00fa\u00f0k\u00e1l er okkur a\u00f0 skapi, \u00fea\u00f0 gefur skarpa s\u00fdru og passar vel me\u00f0 fiskr\u00e9ttum. Vi\u00f0 notum \u00fea\u00f0 einnig \u00fat \u00e1 br\u00e6ddan ost, s.s. ofnr\u00e9tti. \u00deessi norr\u00e6nu br\u00f6g\u00f0 standa vel me\u00f0 \u00feessari norr\u00e6nu tegund gr\u00e6nmetis, klass\u00edk. 360g<\/p>","protected":false},"excerpt":{"rendered":"<p>360g<\/p>","protected":false},"featured_media":3868,"template":"","meta":[],"product_cat":[91],"product_tag":[],"class_list":{"0":"post-3748","1":"product","2":"type-product","3":"status-publish","4":"has-post-thumbnail","6":"product_cat-ferskt-surkal-og-pesto","8":"first","9":"outofstock","10":"shipping-taxable","11":"purchasable","12":"product-type-simple"},"_links":{"self":[{"href":"https:\/\/modirjord.is\/en\/wp-json\/wp\/v2\/product\/3748"}],"collection":[{"href":"https:\/\/modirjord.is\/en\/wp-json\/wp\/v2\/product"}],"about":[{"href":"https:\/\/modirjord.is\/en\/wp-json\/wp\/v2\/types\/product"}],"wp:featuredmedia":[{"embeddable":true,"href":"https:\/\/modirjord.is\/en\/wp-json\/wp\/v2\/media\/3868"}],"wp:attachment":[{"href":"https:\/\/modirjord.is\/en\/wp-json\/wp\/v2\/media?parent=3748"}],"wp:term":[{"taxonomy":"product_cat","embeddable":true,"href":"https:\/\/modirjord.is\/en\/wp-json\/wp\/v2\/product_cat?post=3748"},{"taxonomy":"product_tag","embeddable":true,"href":"https:\/\/modirjord.is\/en\/wp-json\/wp\/v2\/product_tag?post=3748"}],"curies":[{"name":"wp","href":"https:\/\/api.w.org\/{rel}","templated":true}]}}