{"id":3744,"date":"2020-12-01T10:06:42","date_gmt":"2020-12-01T10:06:42","guid":{"rendered":"https:\/\/modirjord.webdev.is\/product\/syrt-rofusalat-360g\/"},"modified":"2025-03-18T18:41:18","modified_gmt":"2025-03-18T18:41:18","slug":"syrt-rofusalat-360g","status":"publish","type":"product","link":"https:\/\/modirjord.is\/en\/product\/syrt-rofusalat-360g\/","title":{"rendered":"Fermented Turnip salad"},"content":{"rendered":"<p>\u00deetta s\u00fdr\u00f0a r\u00f3fusalat er litskr\u00fa\u00f0ugt og au\u00f0ugt af fj\u00f6rugum kryddum. Br\u00e1\u00f0skemmtilegt me\u00f0 sushi e\u00f0a sem skraut \u00e1 snittur e\u00f0a pinnamat.\u00a0 360g.<\/p>","protected":false},"excerpt":{"rendered":"<p>360g<\/p>","protected":false},"featured_media":3865,"template":"","meta":[],"product_cat":[91],"product_tag":[],"class_list":{"0":"post-3744","1":"product","2":"type-product","3":"status-publish","4":"has-post-thumbnail","6":"product_cat-ferskt-surkal-og-pesto","8":"first","9":"outofstock","10":"shipping-taxable","11":"purchasable","12":"product-type-simple"},"_links":{"self":[{"href":"https:\/\/modirjord.is\/en\/wp-json\/wp\/v2\/product\/3744"}],"collection":[{"href":"https:\/\/modirjord.is\/en\/wp-json\/wp\/v2\/product"}],"about":[{"href":"https:\/\/modirjord.is\/en\/wp-json\/wp\/v2\/types\/product"}],"wp:featuredmedia":[{"embeddable":true,"href":"https:\/\/modirjord.is\/en\/wp-json\/wp\/v2\/media\/3865"}],"wp:attachment":[{"href":"https:\/\/modirjord.is\/en\/wp-json\/wp\/v2\/media?parent=3744"}],"wp:term":[{"taxonomy":"product_cat","embeddable":true,"href":"https:\/\/modirjord.is\/en\/wp-json\/wp\/v2\/product_cat?post=3744"},{"taxonomy":"product_tag","embeddable":true,"href":"https:\/\/modirjord.is\/en\/wp-json\/wp\/v2\/product_tag?post=3744"}],"curies":[{"name":"wp","href":"https:\/\/api.w.org\/{rel}","templated":true}]}}