{"id":3742,"date":"2020-12-01T10:06:42","date_gmt":"2020-12-01T10:06:42","guid":{"rendered":"https:\/\/modirjord.webdev.is\/product\/blasol-140ml\/"},"modified":"2026-03-24T08:40:41","modified_gmt":"2026-03-24T08:40:41","slug":"blasol-140ml","status":"publish","type":"product","link":"https:\/\/modirjord.is\/en\/product\/blasol-140ml\/","title":{"rendered":"Bl\u00e1s\u00f3l"},"content":{"rendered":"<p>Blanda af bl\u00e1berjum og s\u00f3lberjum. R\u00edkt og ferskt berjabrag\u00f0 sem henta me\u00f0 ostum og kexi en einnig \u00fat \u00ed s\u00f3sur s.s. me\u00f0 villibr\u00e1\u00f0. 140ml.<\/p>","protected":false},"excerpt":{"rendered":"<p>140ml<\/p>","protected":false},"featured_media":3853,"template":"","meta":[],"product_cat":[90],"product_tag":[],"class_list":{"0":"post-3742","1":"product","2":"type-product","3":"status-publish","4":"has-post-thumbnail","6":"product_cat-sultur-og-chutney","8":"first","9":"outofstock","10":"shipping-taxable","11":"purchasable","12":"product-type-simple"},"_links":{"self":[{"href":"https:\/\/modirjord.is\/en\/wp-json\/wp\/v2\/product\/3742"}],"collection":[{"href":"https:\/\/modirjord.is\/en\/wp-json\/wp\/v2\/product"}],"about":[{"href":"https:\/\/modirjord.is\/en\/wp-json\/wp\/v2\/types\/product"}],"wp:featuredmedia":[{"embeddable":true,"href":"https:\/\/modirjord.is\/en\/wp-json\/wp\/v2\/media\/3853"}],"wp:attachment":[{"href":"https:\/\/modirjord.is\/en\/wp-json\/wp\/v2\/media?parent=3742"}],"wp:term":[{"taxonomy":"product_cat","embeddable":true,"href":"https:\/\/modirjord.is\/en\/wp-json\/wp\/v2\/product_cat?post=3742"},{"taxonomy":"product_tag","embeddable":true,"href":"https:\/\/modirjord.is\/en\/wp-json\/wp\/v2\/product_tag?post=3742"}],"curies":[{"name":"wp","href":"https:\/\/api.w.org\/{rel}","templated":true}]}}