{"id":3741,"date":"2020-12-01T10:06:42","date_gmt":"2020-12-01T10:06:42","guid":{"rendered":"https:\/\/modirjord.webdev.is\/product\/adalblaberjasulta-140-ml\/"},"modified":"2025-11-11T10:51:30","modified_gmt":"2025-11-11T10:51:30","slug":"adalblaberjasulta-140-ml","status":"publish","type":"product","link":"https:\/\/modirjord.is\/en\/product\/adalblaberjasulta-140-ml\/","title":{"rendered":"Blueberry - A\u00f0albl\u00e1berja-sulta"},"content":{"rendered":"<p>Hrein sulta \u00far a\u00f0albl\u00e1berjum, l\u00edtill sykur (33%). \u00deessi gerir a\u00f0albl\u00e1berjum g\u00f3\u00f0 skil. 140ml.<\/p>","protected":false},"excerpt":{"rendered":"<p>140ml<\/p>","protected":false},"featured_media":3852,"template":"","meta":[],"product_cat":[90],"product_tag":[],"class_list":{"0":"post-3741","1":"product","2":"type-product","3":"status-publish","4":"has-post-thumbnail","6":"product_cat-sultur-og-chutney","8":"first","9":"outofstock","10":"shipping-taxable","11":"purchasable","12":"product-type-simple"},"_links":{"self":[{"href":"https:\/\/modirjord.is\/en\/wp-json\/wp\/v2\/product\/3741"}],"collection":[{"href":"https:\/\/modirjord.is\/en\/wp-json\/wp\/v2\/product"}],"about":[{"href":"https:\/\/modirjord.is\/en\/wp-json\/wp\/v2\/types\/product"}],"wp:featuredmedia":[{"embeddable":true,"href":"https:\/\/modirjord.is\/en\/wp-json\/wp\/v2\/media\/3852"}],"wp:attachment":[{"href":"https:\/\/modirjord.is\/en\/wp-json\/wp\/v2\/media?parent=3741"}],"wp:term":[{"taxonomy":"product_cat","embeddable":true,"href":"https:\/\/modirjord.is\/en\/wp-json\/wp\/v2\/product_cat?post=3741"},{"taxonomy":"product_tag","embeddable":true,"href":"https:\/\/modirjord.is\/en\/wp-json\/wp\/v2\/product_tag?post=3741"}],"curies":[{"name":"wp","href":"https:\/\/api.w.org\/{rel}","templated":true}]}}