{"id":3737,"date":"2020-12-01T10:06:41","date_gmt":"2020-12-01T10:06:41","guid":{"rendered":"https:\/\/modirjord.webdev.is\/product\/rabarbarasulta-140g\/"},"modified":"2026-03-10T08:39:03","modified_gmt":"2026-03-10T08:39:03","slug":"rabarbarasulta-140g","status":"publish","type":"product","link":"https:\/\/modirjord.is\/en\/product\/rabarbarasulta-140g\/","title":{"rendered":"Rabarbarasulta kryddu\u00f0"},"content":{"rendered":"<p>Rabarbarasulta me\u00f0 litlum sykri (33%), kryddu\u00f0 og minna so\u00f0in. Ferskt brag\u00f0 af rabarbara og krydd, passar vel me\u00f0 ostum. 140ml.<\/p>","protected":false},"excerpt":{"rendered":"<p>140ml<\/p>","protected":false},"featured_media":3847,"template":"","meta":[],"product_cat":[90],"product_tag":[],"class_list":{"0":"post-3737","1":"product","2":"type-product","3":"status-publish","4":"has-post-thumbnail","6":"product_cat-sultur-og-chutney","8":"first","9":"instock","10":"shipping-taxable","11":"purchasable","12":"product-type-simple"},"_links":{"self":[{"href":"https:\/\/modirjord.is\/en\/wp-json\/wp\/v2\/product\/3737"}],"collection":[{"href":"https:\/\/modirjord.is\/en\/wp-json\/wp\/v2\/product"}],"about":[{"href":"https:\/\/modirjord.is\/en\/wp-json\/wp\/v2\/types\/product"}],"wp:featuredmedia":[{"embeddable":true,"href":"https:\/\/modirjord.is\/en\/wp-json\/wp\/v2\/media\/3847"}],"wp:attachment":[{"href":"https:\/\/modirjord.is\/en\/wp-json\/wp\/v2\/media?parent=3737"}],"wp:term":[{"taxonomy":"product_cat","embeddable":true,"href":"https:\/\/modirjord.is\/en\/wp-json\/wp\/v2\/product_cat?post=3737"},{"taxonomy":"product_tag","embeddable":true,"href":"https:\/\/modirjord.is\/en\/wp-json\/wp\/v2\/product_tag?post=3737"}],"curies":[{"name":"wp","href":"https:\/\/api.w.org\/{rel}","templated":true}]}}