{"id":3736,"date":"2020-12-01T10:06:41","date_gmt":"2020-12-01T10:06:41","guid":{"rendered":"https:\/\/modirjord.webdev.is\/product\/solberjasulta-140g\/"},"modified":"2026-03-10T08:39:36","modified_gmt":"2026-03-10T08:39:36","slug":"solberjasulta-140g","status":"publish","type":"product","link":"https:\/\/modirjord.is\/en\/product\/solberjasulta-140g\/","title":{"rendered":"S\u00f3lberjasulta"},"content":{"rendered":"<p>Hrein s\u00f3lberjasulta me\u00f0 litlum sykri. \u00deykk og d\u00f6kk, hentar vel \u00ed s\u00f3sur og \u00e1 villibr\u00e1\u00f0. 140g<\/p>","protected":false},"excerpt":{"rendered":"<p>140g<\/p>","protected":false},"featured_media":3846,"template":"","meta":[],"product_cat":[90],"product_tag":[],"class_list":{"0":"post-3736","1":"product","2":"type-product","3":"status-publish","4":"has-post-thumbnail","6":"product_cat-sultur-og-chutney","8":"first","9":"instock","10":"shipping-taxable","11":"purchasable","12":"product-type-simple"},"_links":{"self":[{"href":"https:\/\/modirjord.is\/en\/wp-json\/wp\/v2\/product\/3736"}],"collection":[{"href":"https:\/\/modirjord.is\/en\/wp-json\/wp\/v2\/product"}],"about":[{"href":"https:\/\/modirjord.is\/en\/wp-json\/wp\/v2\/types\/product"}],"wp:featuredmedia":[{"embeddable":true,"href":"https:\/\/modirjord.is\/en\/wp-json\/wp\/v2\/media\/3846"}],"wp:attachment":[{"href":"https:\/\/modirjord.is\/en\/wp-json\/wp\/v2\/media?parent=3736"}],"wp:term":[{"taxonomy":"product_cat","embeddable":true,"href":"https:\/\/modirjord.is\/en\/wp-json\/wp\/v2\/product_cat?post=3736"},{"taxonomy":"product_tag","embeddable":true,"href":"https:\/\/modirjord.is\/en\/wp-json\/wp\/v2\/product_tag?post=3736"}],"curies":[{"name":"wp","href":"https:\/\/api.w.org\/{rel}","templated":true}]}}