{"id":3731,"date":"2020-12-01T10:06:40","date_gmt":"2020-12-01T10:06:40","guid":{"rendered":"https:\/\/modirjord.webdev.is\/product\/fennelglo-240g\/"},"modified":"2025-12-19T08:56:49","modified_gmt":"2025-12-19T08:56:49","slug":"fennelglo-240g","status":"publish","type":"product","link":"https:\/\/modirjord.is\/en\/product\/fennelglo-240g\/","title":{"rendered":"Fennelgl\u00f3"},"content":{"rendered":"<p>Sulta\u00f0 gr\u00e6nmeti me\u00f0 kryddum. Passar vel me\u00f0 villibr\u00e1\u00f0, \u00ed sal\u00f6t og me\u00f0 gr\u00e6nmetisr\u00e9ttum. 240g.<\/p>","protected":false},"excerpt":{"rendered":"<p>240g<\/p>","protected":false},"featured_media":4205,"template":"","meta":[],"product_cat":[90],"product_tag":[],"class_list":{"0":"post-3731","1":"product","2":"type-product","3":"status-publish","4":"has-post-thumbnail","6":"product_cat-sultur-og-chutney","8":"first","9":"outofstock","10":"shipping-taxable","11":"purchasable","12":"product-type-simple"},"_links":{"self":[{"href":"https:\/\/modirjord.is\/en\/wp-json\/wp\/v2\/product\/3731"}],"collection":[{"href":"https:\/\/modirjord.is\/en\/wp-json\/wp\/v2\/product"}],"about":[{"href":"https:\/\/modirjord.is\/en\/wp-json\/wp\/v2\/types\/product"}],"wp:featuredmedia":[{"embeddable":true,"href":"https:\/\/modirjord.is\/en\/wp-json\/wp\/v2\/media\/4205"}],"wp:attachment":[{"href":"https:\/\/modirjord.is\/en\/wp-json\/wp\/v2\/media?parent=3731"}],"wp:term":[{"taxonomy":"product_cat","embeddable":true,"href":"https:\/\/modirjord.is\/en\/wp-json\/wp\/v2\/product_cat?post=3731"},{"taxonomy":"product_tag","embeddable":true,"href":"https:\/\/modirjord.is\/en\/wp-json\/wp\/v2\/product_tag?post=3731"}],"curies":[{"name":"wp","href":"https:\/\/api.w.org\/{rel}","templated":true}]}}