{"id":3729,"date":"2020-12-01T10:06:40","date_gmt":"2020-12-01T10:06:40","guid":{"rendered":"https:\/\/modirjord.webdev.is\/product\/raudrofuglo-240g\/"},"modified":"2025-12-19T08:55:22","modified_gmt":"2025-12-19T08:55:22","slug":"raudrofuglo-240g","status":"publish","type":"product","link":"https:\/\/modirjord.is\/en\/product\/raudrofuglo-240g\/","title":{"rendered":"Rau\u00f0r\u00f3fugl\u00f3"},"content":{"rendered":"<p>Sulta\u00f0 gr\u00e6nmeti me\u00f0 kryddum. Passar me\u00f0 gr\u00e6nmetisr\u00e9ttum en einnig me\u00f0 kj\u00f6ti og \u00e1 grilla\u00f0a borgara. 240g.<\/p>","protected":false},"excerpt":{"rendered":"<p>240g<\/p>","protected":false},"featured_media":3843,"template":"","meta":[],"product_cat":[90],"product_tag":[],"class_list":{"0":"post-3729","1":"product","2":"type-product","3":"status-publish","4":"has-post-thumbnail","6":"product_cat-sultur-og-chutney","8":"first","9":"outofstock","10":"shipping-taxable","11":"purchasable","12":"product-type-simple"},"_links":{"self":[{"href":"https:\/\/modirjord.is\/en\/wp-json\/wp\/v2\/product\/3729"}],"collection":[{"href":"https:\/\/modirjord.is\/en\/wp-json\/wp\/v2\/product"}],"about":[{"href":"https:\/\/modirjord.is\/en\/wp-json\/wp\/v2\/types\/product"}],"wp:featuredmedia":[{"embeddable":true,"href":"https:\/\/modirjord.is\/en\/wp-json\/wp\/v2\/media\/3843"}],"wp:attachment":[{"href":"https:\/\/modirjord.is\/en\/wp-json\/wp\/v2\/media?parent=3729"}],"wp:term":[{"taxonomy":"product_cat","embeddable":true,"href":"https:\/\/modirjord.is\/en\/wp-json\/wp\/v2\/product_cat?post=3729"},{"taxonomy":"product_tag","embeddable":true,"href":"https:\/\/modirjord.is\/en\/wp-json\/wp\/v2\/product_tag?post=3729"}],"curies":[{"name":"wp","href":"https:\/\/api.w.org\/{rel}","templated":true}]}}