{"id":3728,"date":"2020-12-01T10:06:40","date_gmt":"2020-12-01T10:06:40","guid":{"rendered":"https:\/\/modirjord.webdev.is\/product\/byggflogugranola-140g\/"},"modified":"2025-12-19T09:01:29","modified_gmt":"2025-12-19T09:01:29","slug":"byggflogugranola-140g","status":"publish","type":"product","link":"https:\/\/modirjord.is\/en\/product\/byggflogugranola-140g\/","title":{"rendered":"Byggfl\u00f6gu-granola"},"content":{"rendered":"<p>Byggfl\u00f6gugranola hentar \u00e1 sal\u00f6t og r\u00e9tti til brag\u00f0auka.\u00a0 140g.<\/p>","protected":false},"excerpt":{"rendered":"<p>140g<\/p>","protected":false},"featured_media":3864,"template":"","meta":[],"product_cat":[89],"product_tag":[],"class_list":{"0":"post-3728","1":"product","2":"type-product","3":"status-publish","4":"has-post-thumbnail","6":"product_cat-bakstur-og-blondur","8":"first","9":"outofstock","10":"shipping-taxable","11":"purchasable","12":"product-type-simple"},"_links":{"self":[{"href":"https:\/\/modirjord.is\/en\/wp-json\/wp\/v2\/product\/3728"}],"collection":[{"href":"https:\/\/modirjord.is\/en\/wp-json\/wp\/v2\/product"}],"about":[{"href":"https:\/\/modirjord.is\/en\/wp-json\/wp\/v2\/types\/product"}],"wp:featuredmedia":[{"embeddable":true,"href":"https:\/\/modirjord.is\/en\/wp-json\/wp\/v2\/media\/3864"}],"wp:attachment":[{"href":"https:\/\/modirjord.is\/en\/wp-json\/wp\/v2\/media?parent=3728"}],"wp:term":[{"taxonomy":"product_cat","embeddable":true,"href":"https:\/\/modirjord.is\/en\/wp-json\/wp\/v2\/product_cat?post=3728"},{"taxonomy":"product_tag","embeddable":true,"href":"https:\/\/modirjord.is\/en\/wp-json\/wp\/v2\/product_tag?post=3728"}],"curies":[{"name":"wp","href":"https:\/\/api.w.org\/{rel}","templated":true}]}}