{"id":3727,"date":"2020-12-01T10:06:40","date_gmt":"2020-12-01T10:06:40","guid":{"rendered":"https:\/\/modirjord.webdev.is\/product\/byggotto-blatt-140g\/"},"modified":"2025-12-19T09:00:06","modified_gmt":"2025-12-19T09:00:06","slug":"byggotto-blatt-140g","status":"publish","type":"product","link":"https:\/\/modirjord.is\/en\/product\/byggotto-blatt-140g\/","title":{"rendered":"Byggott\u00f3 bl\u00e1tt"},"content":{"rendered":"<p>Me\u00f0l\u00e6tisr\u00e9ttur me\u00f0 Perlubyggi, kryddum og \u00feurrku\u00f0um bl\u00e1berjum sem er tilb\u00fainn \u00e1 15-20 m\u00edn\u00fatum.\u00a0 140g.<\/p>","protected":false},"excerpt":{"rendered":"<p>140g<\/p>","protected":false},"featured_media":3863,"template":"","meta":[],"product_cat":[89],"product_tag":[],"class_list":{"0":"post-3727","1":"product","2":"type-product","3":"status-publish","4":"has-post-thumbnail","6":"product_cat-bakstur-og-blondur","8":"first","9":"outofstock","10":"shipping-taxable","11":"purchasable","12":"product-type-simple"},"_links":{"self":[{"href":"https:\/\/modirjord.is\/en\/wp-json\/wp\/v2\/product\/3727"}],"collection":[{"href":"https:\/\/modirjord.is\/en\/wp-json\/wp\/v2\/product"}],"about":[{"href":"https:\/\/modirjord.is\/en\/wp-json\/wp\/v2\/types\/product"}],"wp:featuredmedia":[{"embeddable":true,"href":"https:\/\/modirjord.is\/en\/wp-json\/wp\/v2\/media\/3863"}],"wp:attachment":[{"href":"https:\/\/modirjord.is\/en\/wp-json\/wp\/v2\/media?parent=3727"}],"wp:term":[{"taxonomy":"product_cat","embeddable":true,"href":"https:\/\/modirjord.is\/en\/wp-json\/wp\/v2\/product_cat?post=3727"},{"taxonomy":"product_tag","embeddable":true,"href":"https:\/\/modirjord.is\/en\/wp-json\/wp\/v2\/product_tag?post=3727"}],"curies":[{"name":"wp","href":"https:\/\/api.w.org\/{rel}","templated":true}]}}