{"id":3726,"date":"2020-12-01T10:06:40","date_gmt":"2020-12-01T10:06:40","guid":{"rendered":"https:\/\/modirjord.webdev.is\/product\/byggotto-rautt-140g\/"},"modified":"2025-12-19T08:38:29","modified_gmt":"2025-12-19T08:38:29","slug":"byggotto-rautt-140g","status":"publish","type":"product","link":"https:\/\/modirjord.is\/en\/product\/byggotto-rautt-140g\/","title":{"rendered":"Byggott\u00f3 rautt"},"content":{"rendered":"<p>Me\u00f0l\u00e6tisr\u00e9ttur me\u00f0 Perlubyggi, kryddum og rau\u00f0r\u00f3fum sem er tilb\u00fainn \u00e1 15-20 m\u00edn\u00fatum.\u00a0 140g.<\/p>","protected":false},"excerpt":{"rendered":"<p>140g<\/p>","protected":false},"featured_media":3862,"template":"","meta":[],"product_cat":[89],"product_tag":[],"class_list":{"0":"post-3726","1":"product","2":"type-product","3":"status-publish","4":"has-post-thumbnail","6":"product_cat-bakstur-og-blondur","8":"first","9":"outofstock","10":"shipping-taxable","11":"purchasable","12":"product-type-simple"},"_links":{"self":[{"href":"https:\/\/modirjord.is\/en\/wp-json\/wp\/v2\/product\/3726"}],"collection":[{"href":"https:\/\/modirjord.is\/en\/wp-json\/wp\/v2\/product"}],"about":[{"href":"https:\/\/modirjord.is\/en\/wp-json\/wp\/v2\/types\/product"}],"wp:featuredmedia":[{"embeddable":true,"href":"https:\/\/modirjord.is\/en\/wp-json\/wp\/v2\/media\/3862"}],"wp:attachment":[{"href":"https:\/\/modirjord.is\/en\/wp-json\/wp\/v2\/media?parent=3726"}],"wp:term":[{"taxonomy":"product_cat","embeddable":true,"href":"https:\/\/modirjord.is\/en\/wp-json\/wp\/v2\/product_cat?post=3726"},{"taxonomy":"product_tag","embeddable":true,"href":"https:\/\/modirjord.is\/en\/wp-json\/wp\/v2\/product_tag?post=3726"}],"curies":[{"name":"wp","href":"https:\/\/api.w.org\/{rel}","templated":true}]}}