{"id":3725,"date":"2020-12-01T10:06:40","date_gmt":"2020-12-01T10:06:40","guid":{"rendered":"https:\/\/modirjord.webdev.is\/product\/braudblanda-gerlaus-370g\/"},"modified":"2025-12-19T08:59:31","modified_gmt":"2025-12-19T08:59:31","slug":"braudblanda-gerlaus-370g","status":"publish","type":"product","link":"https:\/\/modirjord.is\/en\/product\/braudblanda-gerlaus-370g\/","title":{"rendered":"Brau\u00f0blanda gerlaus"},"content":{"rendered":"<p>Heilkorna brau\u00f0blanda inniheldur gr\u00f3ft korn og jurtir.\u00a0 Einf\u00f6ld\u00a0 og flj\u00f3tleg lei\u00f0 til a\u00f0 t\u00f6fra fram brau\u00f0 \u00e1 stuttum t\u00edma.\u00a0 370g.<\/p>","protected":false},"excerpt":{"rendered":"<p>370g<\/p>","protected":false},"featured_media":3860,"template":"","meta":[],"product_cat":[89],"product_tag":[],"class_list":{"0":"post-3725","1":"product","2":"type-product","3":"status-publish","4":"has-post-thumbnail","6":"product_cat-bakstur-og-blondur","8":"first","9":"outofstock","10":"shipping-taxable","11":"purchasable","12":"product-type-simple"},"_links":{"self":[{"href":"https:\/\/modirjord.is\/en\/wp-json\/wp\/v2\/product\/3725"}],"collection":[{"href":"https:\/\/modirjord.is\/en\/wp-json\/wp\/v2\/product"}],"about":[{"href":"https:\/\/modirjord.is\/en\/wp-json\/wp\/v2\/types\/product"}],"wp:featuredmedia":[{"embeddable":true,"href":"https:\/\/modirjord.is\/en\/wp-json\/wp\/v2\/media\/3860"}],"wp:attachment":[{"href":"https:\/\/modirjord.is\/en\/wp-json\/wp\/v2\/media?parent=3725"}],"wp:term":[{"taxonomy":"product_cat","embeddable":true,"href":"https:\/\/modirjord.is\/en\/wp-json\/wp\/v2\/product_cat?post=3725"},{"taxonomy":"product_tag","embeddable":true,"href":"https:\/\/modirjord.is\/en\/wp-json\/wp\/v2\/product_tag?post=3725"}],"curies":[{"name":"wp","href":"https:\/\/api.w.org\/{rel}","templated":true}]}}