{"id":3721,"date":"2020-12-01T10:06:40","date_gmt":"2020-12-01T10:06:40","guid":{"rendered":"https:\/\/modirjord.webdev.is\/product\/kumen-hrokkvi-150g\/"},"modified":"2023-12-19T09:41:53","modified_gmt":"2023-12-19T09:41:53","slug":"kumen-hrokkvi-150g","status":"publish","type":"product","link":"https:\/\/modirjord.is\/en\/product\/kumen-hrokkvi-150g\/","title":{"rendered":"K\u00famen Hr\u00f6kkvi"},"content":{"rendered":"<p>St\u00f6kkt og gott hr\u00f6kkbrau\u00f0 krydda\u00f0 me\u00f0 k\u00famenfr\u00e6jum. Handverksbakstur. 150g.<\/p>","protected":false},"excerpt":{"rendered":"<p>150g<\/p>","protected":false},"featured_media":3855,"template":"","meta":[],"product_cat":[89],"product_tag":[],"class_list":{"0":"post-3721","1":"product","2":"type-product","3":"status-publish","4":"has-post-thumbnail","6":"product_cat-bakstur-og-blondur","8":"first","9":"outofstock","10":"shipping-taxable","11":"purchasable","12":"product-type-simple"},"_links":{"self":[{"href":"https:\/\/modirjord.is\/en\/wp-json\/wp\/v2\/product\/3721"}],"collection":[{"href":"https:\/\/modirjord.is\/en\/wp-json\/wp\/v2\/product"}],"about":[{"href":"https:\/\/modirjord.is\/en\/wp-json\/wp\/v2\/types\/product"}],"wp:featuredmedia":[{"embeddable":true,"href":"https:\/\/modirjord.is\/en\/wp-json\/wp\/v2\/media\/3855"}],"wp:attachment":[{"href":"https:\/\/modirjord.is\/en\/wp-json\/wp\/v2\/media?parent=3721"}],"wp:term":[{"taxonomy":"product_cat","embeddable":true,"href":"https:\/\/modirjord.is\/en\/wp-json\/wp\/v2\/product_cat?post=3721"},{"taxonomy":"product_tag","embeddable":true,"href":"https:\/\/modirjord.is\/en\/wp-json\/wp\/v2\/product_tag?post=3721"}],"curies":[{"name":"wp","href":"https:\/\/api.w.org\/{rel}","templated":true}]}}