{"id":3718,"date":"2020-12-01T10:06:39","date_gmt":"2020-12-01T10:06:39","guid":{"rendered":"https:\/\/modirjord.webdev.is\/product\/heilhveitimjol-1kg\/"},"modified":"2026-01-22T11:49:02","modified_gmt":"2026-01-22T11:49:02","slug":"heilhveitimjol-1kg","status":"publish","type":"product","link":"https:\/\/modirjord.is\/en\/product\/heilhveitimjol-1kg\/","title":{"rendered":"Whole wheat flour"},"content":{"rendered":"<p>Heilhveiti \u00e1rgangur 2025 fr\u00e1 Vallanesi.\u00a0 \u00deroska\u00f0 og brag\u00f0gott hveiti sem hentar \u00ed allan bakstur og \u00ed matarger\u00f0.\u00a0 Mala\u00f0.<\/p>","protected":false},"excerpt":{"rendered":"<p>1kg<\/p>","protected":false},"featured_media":3836,"template":"","meta":[],"product_cat":[88],"product_tag":[],"class_list":{"0":"post-3718","1":"product","2":"type-product","3":"status-publish","4":"has-post-thumbnail","6":"product_cat-kornvorur","8":"first","9":"instock","10":"shipping-taxable","11":"purchasable","12":"product-type-simple"},"_links":{"self":[{"href":"https:\/\/modirjord.is\/en\/wp-json\/wp\/v2\/product\/3718"}],"collection":[{"href":"https:\/\/modirjord.is\/en\/wp-json\/wp\/v2\/product"}],"about":[{"href":"https:\/\/modirjord.is\/en\/wp-json\/wp\/v2\/types\/product"}],"wp:featuredmedia":[{"embeddable":true,"href":"https:\/\/modirjord.is\/en\/wp-json\/wp\/v2\/media\/3836"}],"wp:attachment":[{"href":"https:\/\/modirjord.is\/en\/wp-json\/wp\/v2\/media?parent=3718"}],"wp:term":[{"taxonomy":"product_cat","embeddable":true,"href":"https:\/\/modirjord.is\/en\/wp-json\/wp\/v2\/product_cat?post=3718"},{"taxonomy":"product_tag","embeddable":true,"href":"https:\/\/modirjord.is\/en\/wp-json\/wp\/v2\/product_tag?post=3718"}],"curies":[{"name":"wp","href":"https:\/\/api.w.org\/{rel}","templated":true}]}}