{"id":3716,"date":"2020-12-01T10:06:39","date_gmt":"2020-12-01T10:06:39","guid":{"rendered":"https:\/\/modirjord.webdev.is\/product\/byggflogur-800g\/"},"modified":"2026-03-24T09:01:11","modified_gmt":"2026-03-24T09:01:11","slug":"byggflogur-800g","status":"publish","type":"product","link":"https:\/\/modirjord.is\/en\/product\/byggflogur-800g\/","title":{"rendered":"Barley flakes"},"content":{"rendered":"<p>Byggfl\u00f6gurnar fr\u00e1 M\u00f3\u00f0ur J\u00f6r\u00f0 er g\u00f3\u00f0ur \u00edslenskur valkostur \u00ed grauta, bakstur (brau\u00f0, k\u00f6kur og kex), sl\u00e1tur, m\u00fasl\u00ed og a\u00f0ra matarger\u00f0. \u00a0 \u00de\u00e6r eru unnar \u00far bygginu eins og \u00fea\u00f0 kemur fyrir (kaldvalsa\u00f0ar) og innihalda \u00fev\u00ed trefjaefni \u00far h\u00fd\u00f0inu sem eru mikilv\u00e6g fyrir heilsuna auk v\u00edtam\u00edna og steinefna og \u00fe\u00e6r veita orku fyrir daginn \u00far fl\u00f3knum kolvetnum. Byggfl\u00f6gur henta auk \u00feess \u00ed bakstur og \u201cboost\u201d . 800g.<\/p>","protected":false},"excerpt":{"rendered":"<p>800g<\/p>","protected":false},"featured_media":3835,"template":"","meta":[],"product_cat":[88],"product_tag":[],"class_list":{"0":"post-3716","1":"product","2":"type-product","3":"status-publish","4":"has-post-thumbnail","6":"product_cat-kornvorur","8":"first","9":"instock","10":"shipping-taxable","11":"purchasable","12":"product-type-simple"},"_links":{"self":[{"href":"https:\/\/modirjord.is\/en\/wp-json\/wp\/v2\/product\/3716"}],"collection":[{"href":"https:\/\/modirjord.is\/en\/wp-json\/wp\/v2\/product"}],"about":[{"href":"https:\/\/modirjord.is\/en\/wp-json\/wp\/v2\/types\/product"}],"wp:featuredmedia":[{"embeddable":true,"href":"https:\/\/modirjord.is\/en\/wp-json\/wp\/v2\/media\/3835"}],"wp:attachment":[{"href":"https:\/\/modirjord.is\/en\/wp-json\/wp\/v2\/media?parent=3716"}],"wp:term":[{"taxonomy":"product_cat","embeddable":true,"href":"https:\/\/modirjord.is\/en\/wp-json\/wp\/v2\/product_cat?post=3716"},{"taxonomy":"product_tag","embeddable":true,"href":"https:\/\/modirjord.is\/en\/wp-json\/wp\/v2\/product_tag?post=3716"}],"curies":[{"name":"wp","href":"https:\/\/api.w.org\/{rel}","templated":true}]}}