{"id":3713,"date":"2020-12-01T10:06:39","date_gmt":"2020-12-01T10:06:39","guid":{"rendered":"https:\/\/modirjord.webdev.is\/product\/byggmjol-1-kg\/"},"modified":"2026-03-24T08:58:47","modified_gmt":"2026-03-24T08:58:47","slug":"byggmjol-1-kg","status":"publish","type":"product","link":"https:\/\/modirjord.is\/en\/product\/byggmjol-1-kg\/","title":{"rendered":"Barley flakes"},"content":{"rendered":"<p>Byggmj\u00f6li\u00f0 okkar er steinmala\u00f0 \u00far heilkorna bankabyggi og hefur \u00fev\u00ed alla s\u00f6mu n\u00e6ringarfr\u00e6\u00f0ilegu kosti. \u00a0Byggmj\u00f6li\u00f0 er gott \u00ed allan bakstur og sem rasp \u00e1 gr\u00e6nmetisbuff, kj\u00f6t og fisk. 1kg.<\/p>","protected":false},"excerpt":{"rendered":"<p>1kg<\/p>","protected":false},"featured_media":3834,"template":"","meta":[],"product_cat":[88],"product_tag":[],"class_list":{"0":"post-3713","1":"product","2":"type-product","3":"status-publish","4":"has-post-thumbnail","6":"product_cat-kornvorur","8":"first","9":"instock","10":"shipping-taxable","11":"purchasable","12":"product-type-simple"},"_links":{"self":[{"href":"https:\/\/modirjord.is\/en\/wp-json\/wp\/v2\/product\/3713"}],"collection":[{"href":"https:\/\/modirjord.is\/en\/wp-json\/wp\/v2\/product"}],"about":[{"href":"https:\/\/modirjord.is\/en\/wp-json\/wp\/v2\/types\/product"}],"wp:featuredmedia":[{"embeddable":true,"href":"https:\/\/modirjord.is\/en\/wp-json\/wp\/v2\/media\/3834"}],"wp:attachment":[{"href":"https:\/\/modirjord.is\/en\/wp-json\/wp\/v2\/media?parent=3713"}],"wp:term":[{"taxonomy":"product_cat","embeddable":true,"href":"https:\/\/modirjord.is\/en\/wp-json\/wp\/v2\/product_cat?post=3713"},{"taxonomy":"product_tag","embeddable":true,"href":"https:\/\/modirjord.is\/en\/wp-json\/wp\/v2\/product_tag?post=3713"}],"curies":[{"name":"wp","href":"https:\/\/api.w.org\/{rel}","templated":true}]}}