{"id":3712,"date":"2020-12-01T10:06:39","date_gmt":"2020-12-01T10:06:39","guid":{"rendered":"https:\/\/modirjord.webdev.is\/product\/perlubygg-5kg\/"},"modified":"2026-03-24T09:12:27","modified_gmt":"2026-03-24T09:12:27","slug":"perlubygg-5kg","status":"publish","type":"product","link":"https:\/\/modirjord.is\/en\/product\/perlubygg-5kg\/","title":{"rendered":"Pearl barley"},"content":{"rendered":"<p>Perlubygg er s\u00e9rvali\u00f0 korn og sl\u00edpa\u00f0 \u00e1 \u00feann h\u00e1tt a\u00f0 korni\u00f0 ver\u00f0ur r\u00fana\u00f0 og hv\u00edtt svo minnir \u00e1 perlur. \u00a0\u00deetta er l\u00faxus- \u00fatg\u00e1fan af bygginu, mj\u00fakt og f\u00e1ga\u00f0 og hentar \u00ed f\u00edna matseld s.s. eftirr\u00e9tti. \u00a0Su\u00f0ut\u00edmi er einungis 15 m\u00edn\u00fatur, korni\u00f0 hefur gott hlutfall af sterkju svo a\u00f0 \u00feau lo\u00f0a saman \u00feegar \u00fea\u00f0 \u00e1 vi\u00f0, s.s. ef \u00e6tlunin er a\u00f0 gera \u201cbyggott\u00f3\u201d. 5kg laust.<\/p>","protected":false},"excerpt":{"rendered":"<p>5kg &#8211; laust<\/p>","protected":false},"featured_media":4161,"template":"","meta":[],"product_cat":[88],"product_tag":[],"class_list":{"0":"post-3712","1":"product","2":"type-product","3":"status-publish","4":"has-post-thumbnail","6":"product_cat-kornvorur","8":"first","9":"instock","10":"shipping-taxable","11":"purchasable","12":"product-type-simple"},"_links":{"self":[{"href":"https:\/\/modirjord.is\/en\/wp-json\/wp\/v2\/product\/3712"}],"collection":[{"href":"https:\/\/modirjord.is\/en\/wp-json\/wp\/v2\/product"}],"about":[{"href":"https:\/\/modirjord.is\/en\/wp-json\/wp\/v2\/types\/product"}],"wp:featuredmedia":[{"embeddable":true,"href":"https:\/\/modirjord.is\/en\/wp-json\/wp\/v2\/media\/4161"}],"wp:attachment":[{"href":"https:\/\/modirjord.is\/en\/wp-json\/wp\/v2\/media?parent=3712"}],"wp:term":[{"taxonomy":"product_cat","embeddable":true,"href":"https:\/\/modirjord.is\/en\/wp-json\/wp\/v2\/product_cat?post=3712"},{"taxonomy":"product_tag","embeddable":true,"href":"https:\/\/modirjord.is\/en\/wp-json\/wp\/v2\/product_tag?post=3712"}],"curies":[{"name":"wp","href":"https:\/\/api.w.org\/{rel}","templated":true}]}}