{"id":3709,"date":"2020-12-01T10:06:39","date_gmt":"2020-12-01T10:06:39","guid":{"rendered":"https:\/\/modirjord.webdev.is\/product\/bankabygg-1-kg\/"},"modified":"2026-03-24T08:54:41","modified_gmt":"2026-03-24T08:54:41","slug":"bankabygg-1-kg","status":"publish","type":"product","link":"https:\/\/modirjord.is\/en\/product\/bankabygg-1-kg\/","title":{"rendered":"Barley hulled"},"content":{"rendered":"<p>Bankabygg er sl\u00edpa\u00f0 heilkorn af byggi. \u00a0Bankabygg er \u00farvals me\u00f0l\u00e6ti me\u00f0 mat og er gjarnan so\u00f0i\u00f0 \u00ed 40 m\u00edn\u00fatur \u00e1\u00f0ur en \u00fea\u00f0 er nota\u00f0 \u00ed r\u00e9tti s.s. sal\u00f6t, \u00e1 p\u00f6nnu e\u00f0a \u00ed pottr\u00e9tti.\u00a0 \u00a0Einnig m\u00e1 leggja Bankabygg \u00ed bleyti a\u00f0 morgni, s\u00e9 \u00e6tlunin a\u00f0 nota \u00fea\u00f0 a\u00f0 kveldi, og styttir \u00fea\u00f0 su\u00f0ut\u00edmann verulega. 1kg.<\/p>","protected":false},"excerpt":{"rendered":"<p>1kg<\/p>","protected":false},"featured_media":4201,"template":"","meta":[],"product_cat":[88],"product_tag":[],"class_list":{"0":"post-3709","1":"product","2":"type-product","3":"status-publish","4":"has-post-thumbnail","6":"product_cat-kornvorur","8":"first","9":"instock","10":"shipping-taxable","11":"purchasable","12":"product-type-simple"},"_links":{"self":[{"href":"https:\/\/modirjord.is\/en\/wp-json\/wp\/v2\/product\/3709"}],"collection":[{"href":"https:\/\/modirjord.is\/en\/wp-json\/wp\/v2\/product"}],"about":[{"href":"https:\/\/modirjord.is\/en\/wp-json\/wp\/v2\/types\/product"}],"wp:featuredmedia":[{"embeddable":true,"href":"https:\/\/modirjord.is\/en\/wp-json\/wp\/v2\/media\/4201"}],"wp:attachment":[{"href":"https:\/\/modirjord.is\/en\/wp-json\/wp\/v2\/media?parent=3709"}],"wp:term":[{"taxonomy":"product_cat","embeddable":true,"href":"https:\/\/modirjord.is\/en\/wp-json\/wp\/v2\/product_cat?post=3709"},{"taxonomy":"product_tag","embeddable":true,"href":"https:\/\/modirjord.is\/en\/wp-json\/wp\/v2\/product_tag?post=3709"}],"curies":[{"name":"wp","href":"https:\/\/api.w.org\/{rel}","templated":true}]}}