{"id":4652,"date":"2021-02-05T11:46:20","date_gmt":"2021-02-05T11:46:20","guid":{"rendered":"https:\/\/modirjord.webdev.is\/?page_id=4652"},"modified":"2023-02-12T21:42:55","modified_gmt":"2023-02-12T21:42:55","slug":"upplifun","status":"publish","type":"page","link":"https:\/\/modirjord.is\/en\/upplifun\/","title":{"rendered":"FARM &amp; NATURE"},"content":{"rendered":"<div class=\"wpb-content-wrapper\"><div data-vc-full-width=\"true\" data-vc-full-width-init=\"false\" class=\"vc_row wpb_row vc_row-fluid bg-left-bottom vc_custom_1466146515504 over_follow_initial background-images-overlay-fullwidth\"><div class=\"vc_column_wrapper clearfix\">\n\t<div class=\"vc_col-sm-12  wpb_column vc_column_container   list-none    text-align-none  text-rp-left\"><div class=\"vc_column-inner vc_custom_1466137808453\">\n\t\n\t\t<div class=\"wpb_wrapper\">\n\t\t\t\n\t<div  class=\"wpb_single_image wpb_content_element vc_align_center wpb_content_element\">\n\t\t\n\t\t<figure class=\"wpb_wrapper vc_figure\">\n\t\t\t<div class=\"vc_single_image-wrapper   vc_box_border_grey\"><img loading=\"lazy\" decoding=\"async\" width=\"300\" height=\"300\" src=\"https:\/\/modirjord.is\/wp-content\/uploads\/2020\/12\/modir-jord-logo-300x300.png\" class=\"vc_single_image-img attachment-medium\" alt=\"\" title=\"modir-jord-logo\" srcset=\"https:\/\/modirjord.is\/wp-content\/uploads\/2020\/12\/modir-jord-logo-300x300.png 300w, https:\/\/modirjord.is\/wp-content\/uploads\/2020\/12\/modir-jord-logo-100x100.png 100w, https:\/\/modirjord.is\/wp-content\/uploads\/2020\/12\/modir-jord-logo-600x600.png 600w, https:\/\/modirjord.is\/wp-content\/uploads\/2020\/12\/modir-jord-logo-150x150.png 150w, https:\/\/modirjord.is\/wp-content\/uploads\/2020\/12\/modir-jord-logo-768x768.png 768w, https:\/\/modirjord.is\/wp-content\/uploads\/2020\/12\/modir-jord-logo-360x360.png 360w, https:\/\/modirjord.is\/wp-content\/uploads\/2020\/12\/modir-jord-logo-624x624.png 624w, https:\/\/modirjord.is\/wp-content\/uploads\/2020\/12\/modir-jord-logo.png 965w\" sizes=\"(max-width: 300px) 100vw, 300px\" \/><\/div>\n\t\t<\/figure>\n\t<\/div>\n<p style=\"font-size: 20px;color: #450f02;line-height: 34PX;text-align: center;font-family:PT Sans;font-weight:400;font-style:italic\" class=\"vc_custom_heading vc_custom_1639127106429\"><span style=\"letter-spacing: 0em;\">\u00cd Vallanesi er bo\u00f0i\u00f0 upp\u00e1 gistingu fr\u00e1 apr\u00edl - okt\u00f3ber. Gestir geta noti\u00f0 a\u00f0st\u00f6\u00f0unnar \u00ed hjarta b\u00fdlisins og veitinga sem byggjast \u00e1 ferskum afur\u00f0um \u00far r\u00e6ktun sta\u00f0arins. Teki\u00f0 er \u00e1 m\u00f3ti h\u00f3pum. M\u00f3\u00f0ir J\u00f6r\u00f0 er \u00fe\u00e1tttakandi \u00ed fer\u00f0aklasanum sem kenndur er vi\u00f0 Hengifoss - www.hengifoss.is, einnig fer\u00f0a\u00fej\u00f3nustunni \u00e1 Austurlandi, sj\u00e1 www.austurland.is og www.east.is. B\u00fdli\u00f0 er vel sta\u00f0sett og stutt \u00ed n\u00e1tt\u00farukennileiti sv\u00e6\u00f0isins og a\u00f0ra \u00fej\u00f3nustu \u00e1 h\u00e9ra\u00f0i en Vallanes er sta\u00f0sett mitt \u00e1 milli Egilssta\u00f0a og Hallormssta\u00f0ar.<\/span><\/p>\n\t\t<\/div> \n\t<\/div> \n<\/div><\/div><\/div><div class=\"vc_row-full-width\"><\/div><div data-vc-full-width=\"true\" data-vc-full-width-init=\"false\" class=\"vc_row wpb_row vc_row-fluid bg-left-bottom vc_custom_1607343492740 column-same-height column-no-padding row-bg-overlay over_follow_initial background-images-overlay-fullwidth\"><div class=\"overlay-color\" style=\"background-color: #4a7729;opacity:50%;\"><\/div><div class=\"vc_column_wrapper clearfix\">\n\t<div class=\"vc_col-sm-2  wpb_column vc_column_container   list-none    text-align-none  text-rp-left\"><div class=\"vc_column-inner vc_custom_1607343482167\">\n\t\n\t\t<div class=\"wpb_wrapper\">\n\t\t\t\n\t\t<\/div> \n\t<\/div> \n<\/div>\n\t<div class=\"vc_col-sm-4  wpb_column vc_column_container   list-none    text-align-none  text-rp-left\"><div class=\"vc_column-inner vc_custom_1607343708187\">\n\t\n\t\t<div class=\"wpb_wrapper\">\n\t\t\t<div class=\"vc_empty_space\"   style=\"height: 32px\"><span class=\"vc_empty_space_inner\"><\/span><\/div>\n\t<div  class=\"wpb_single_image wpb_content_element vc_align_center wpb_content_element\">\n\t\t\n\t\t<figure class=\"wpb_wrapper vc_figure\">\n\t\t\t<div class=\"vc_single_image-wrapper   vc_box_border_grey\"><img loading=\"lazy\" decoding=\"async\" width=\"225\" height=\"300\" src=\"https:\/\/modirjord.is\/wp-content\/uploads\/2021\/02\/20190628_095842-225x300.jpg\" class=\"vc_single_image-img attachment-medium\" alt=\"\" title=\"20190628_095842\" srcset=\"https:\/\/modirjord.is\/wp-content\/uploads\/2021\/02\/20190628_095842-225x300.jpg 225w, https:\/\/modirjord.is\/wp-content\/uploads\/2021\/02\/20190628_095842-scaled-300x400.jpg 300w, https:\/\/modirjord.is\/wp-content\/uploads\/2021\/02\/20190628_095842-scaled-600x800.jpg 600w, https:\/\/modirjord.is\/wp-content\/uploads\/2021\/02\/20190628_095842-768x1024.jpg 768w, https:\/\/modirjord.is\/wp-content\/uploads\/2021\/02\/20190628_095842-1152x1536.jpg 1152w, https:\/\/modirjord.is\/wp-content\/uploads\/2021\/02\/20190628_095842-1536x2048.jpg 1536w, https:\/\/modirjord.is\/wp-content\/uploads\/2021\/02\/20190628_095842-9x12.jpg 9w, https:\/\/modirjord.is\/wp-content\/uploads\/2021\/02\/20190628_095842-624x832.jpg 624w, https:\/\/modirjord.is\/wp-content\/uploads\/2021\/02\/20190628_095842-scaled.jpg 1920w\" sizes=\"(max-width: 225px) 100vw, 225px\" \/><\/div>\n\t\t<\/figure>\n\t<\/div>\n<div class=\"vc_empty_space\"   style=\"height: 32px\"><span class=\"vc_empty_space_inner\"><\/span><\/div>\n\t\t<\/div> \n\t<\/div> \n<\/div>\n\t<div class=\"vc_col-sm-4  wpb_column vc_column_container   list-none    text-align-none  text-rp-left\"><div class=\"vc_column-inner vc_custom_1607343685047\">\n\t\n\t\t<div class=\"wpb_wrapper\">\n\t\t\t<div class=\"vc_empty_space\"   style=\"height: 32px\"><span class=\"vc_empty_space_inner\"><\/span><\/div><h1 style=\"font-size: 25px;color: #450f02;line-height: 34PX;text-align: center;font-family:PT Sans;font-weight:400;font-style:italic\" class=\"vc_custom_heading\"><span style=\"letter-spacing: 0em;\">R\u00c6KTUN INNAN UM SKJ\u00d3LBELTI<\/span><\/h1><div class=\"vc_empty_space\"   style=\"height: 32px\"><span class=\"vc_empty_space_inner\"><\/span><\/div>\n\t<div class=\"wpb_text_column wpb_content_element\" >\n\t\t<div class=\"wpb_wrapper\">\n\t\t\t<p>Vallanes er pr\u00fdtt sk\u00f3gi og \u00f6krum innan um skj\u00f3lbelti.\u00a0 J\u00f6r\u00f0in n\u00e6r fr\u00e1 b\u00f6kkum Lagarflj\u00f3ts ni\u00f0ur a\u00f0 Gr\u00edms\u00e1 og gefur \u00fdmsa \u00fativistarm\u00f6guleika.\u00a0 \u00c1 g\u00f6ngust\u00edgnum Orminum m\u00e1 nj\u00f3ta sk\u00f3garins me\u00f0 a\u00f0st\u00f6\u00f0u sem komi\u00f0 hefur veri\u00f0 upp s.s. eldst\u00e6\u00f0is, bekkir og margt forvitnilegt a\u00f0 sko\u00f0a \u00ed sk\u00f3ginum.<\/p>\n<p>Landi\u00f0 b\u00fd\u00f0ur upp\u00e1 \u00fdmsa m\u00f6guleika \u00ed matarupplifun og \u00fej\u00f3nustu yfir sumarm\u00e1nu\u00f0ina. Verslun og gr\u00e6nmetisveitingasta\u00f0ur er starfr\u00e6ktur \u00ed h\u00fasi sem byggt var \u00far timbri af sta\u00f0num. L\u00f6g\u00f0 er \u00e1hersla \u00e1 ferskt hr\u00e1efni beint af akrinum, heilkorn og anna\u00f0 hr\u00e1efni \u00far jurtar\u00edkinu.\u00a0 Gistim\u00f6guleikar eru \u00ed upp\u00e1b\u00fanum r\u00famum \u00ed \u00edb\u00fa\u00f0 e\u00f0a b\u00fasta\u00f0 \u00ed hjarta sta\u00f0arins.<\/p>\n<p>Vi\u00f0 t\u00f6kum \u00e1 m\u00f3ti h\u00f3pum, st\u00f3rum og sm\u00e1um og bj\u00f3\u00f0um \u00fdmsar \u00fatg\u00e1fur af heims\u00f3knum. \u00a0Allt fr\u00e1 stuttum (1 klst) heims\u00f3knum upp\u00ed sko\u00f0unarfer\u00f0ir fyrir st\u00e6rri h\u00f3pa. \u00a0Sm\u00f6kkun \u00e1 v\u00f6rum M\u00f3\u00f0ur Jar\u00f0ar er \u00e1vallt innifalin \u00ed dagskr\u00e1nni. \u00a0Vinsamlegast hafi\u00f0 samband vi\u00f0 Vallanes til n\u00e1nari uppl\u00fdsinga h\u00e9r \u00e1 s\u00ed\u00f0unni.<\/p>\n\n\t\t<\/div>\n\t<\/div>\n<div class=\"vc_empty_space\"   style=\"height: 32px\"><span class=\"vc_empty_space_inner\"><\/span><\/div>\n\t\t<\/div> \n\t<\/div> \n<\/div>\n\t<div class=\"vc_col-sm-2  wpb_column vc_column_container   list-none    text-align-none  text-rp-left\"><div class=\"vc_column-inner\">\n\t\n\t\t<div class=\"wpb_wrapper\">\n\t\t\t\n\t\t<\/div> \n\t<\/div> \n<\/div><\/div><\/div><div class=\"vc_row-full-width\"><\/div><div data-vc-full-width=\"true\" data-vc-full-width-init=\"false\" class=\"vc_row wpb_row vc_row-fluid bg-left-bottom vc_custom_1607343492740 column-same-height column-no-padding row-bg-overlay over_follow_initial background-images-overlay-fullwidth\"><div class=\"overlay-color\" style=\"background-color: #4a7729;opacity:50%;\"><\/div><div class=\"vc_column_wrapper clearfix\">\n\t<div class=\"vc_col-sm-2  wpb_column vc_column_container   list-none    text-align-none  text-rp-left\"><div class=\"vc_column-inner vc_custom_1607343482167\">\n\t\n\t\t<div class=\"wpb_wrapper\">\n\t\t\t\n\t\t<\/div> \n\t<\/div> \n<\/div>\n\t<div class=\"vc_col-sm-4  wpb_column vc_column_container   list-none    text-align-none  text-rp-left\"><div class=\"vc_column-inner vc_custom_1607343708187\">\n\t\n\t\t<div class=\"wpb_wrapper\">\n\t\t\t<div class=\"vc_empty_space\"   style=\"height: 32px\"><span class=\"vc_empty_space_inner\"><\/span><\/div><h1 style=\"font-size: 25px;color: #450f02;line-height: 34PX;text-align: center;font-family:PT Sans;font-weight:400;font-style:italic\" class=\"vc_custom_heading vc_custom_1613560175429\"><span style=\"letter-spacing: 0em;\">\u00daTIVIST<\/span><\/h1><div class=\"vc_empty_space\"   style=\"height: 32px\"><span class=\"vc_empty_space_inner\"><\/span><\/div>\n\t<div class=\"wpb_text_column wpb_content_element\" >\n\t\t<div class=\"wpb_wrapper\">\n\t\t\t<p>Vallanes stendur vi\u00f0 bakka Gr\u00edms\u00e1r og Lagarflj\u00f3ts og er j\u00f6r\u00f0in pr\u00fddd gr\u00f3\u00f0ri og skj\u00f3lbeltum. \u00a0M\u00f6guleikar eru \u00e1 fiskvei\u00f0i sem og skotvei\u00f0i \u00e1 haustin s\u00e9r \u00ed lagi. \u00a0\u00c1hugasamir geta haft samband vi\u00f0 Vallanes \u00ed s\u00edma 471 1747<\/p>\n\n\t\t<\/div>\n\t<\/div>\n<div class=\"vc_empty_space\"   style=\"height: 32px\"><span class=\"vc_empty_space_inner\"><\/span><\/div>\n\t\t<\/div> \n\t<\/div> \n<\/div>\n\t<div class=\"vc_col-sm-4  wpb_column vc_column_container   list-none    text-align-none  text-rp-left\"><div class=\"vc_column-inner vc_custom_1607343685047\">\n\t\n\t\t<div class=\"wpb_wrapper\">\n\t\t\t<div class=\"vc_empty_space\"   style=\"height: 32px\"><span class=\"vc_empty_space_inner\"><\/span><\/div>\n\t<div  class=\"wpb_single_image wpb_content_element vc_align_center wpb_content_element\">\n\t\t\n\t\t<figure class=\"wpb_wrapper vc_figure\">\n\t\t\t<div class=\"vc_single_image-wrapper   vc_box_border_grey\"><img loading=\"lazy\" decoding=\"async\" width=\"225\" height=\"300\" src=\"https:\/\/modirjord.is\/wp-content\/uploads\/2021\/02\/20190707_152309-225x300.jpg\" class=\"vc_single_image-img attachment-medium\" alt=\"\" title=\"20190707_152309\" srcset=\"https:\/\/modirjord.is\/wp-content\/uploads\/2021\/02\/20190707_152309-225x300.jpg 225w, https:\/\/modirjord.is\/wp-content\/uploads\/2021\/02\/20190707_152309-scaled-300x400.jpg 300w, https:\/\/modirjord.is\/wp-content\/uploads\/2021\/02\/20190707_152309-scaled-600x800.jpg 600w, https:\/\/modirjord.is\/wp-content\/uploads\/2021\/02\/20190707_152309-768x1024.jpg 768w, https:\/\/modirjord.is\/wp-content\/uploads\/2021\/02\/20190707_152309-1152x1536.jpg 1152w, https:\/\/modirjord.is\/wp-content\/uploads\/2021\/02\/20190707_152309-1536x2048.jpg 1536w, https:\/\/modirjord.is\/wp-content\/uploads\/2021\/02\/20190707_152309-9x12.jpg 9w, https:\/\/modirjord.is\/wp-content\/uploads\/2021\/02\/20190707_152309-624x832.jpg 624w, https:\/\/modirjord.is\/wp-content\/uploads\/2021\/02\/20190707_152309-scaled.jpg 1920w\" sizes=\"(max-width: 225px) 100vw, 225px\" \/><\/div>\n\t\t<\/figure>\n\t<\/div>\n<div class=\"vc_empty_space\"   style=\"height: 32px\"><span class=\"vc_empty_space_inner\"><\/span><\/div>\n\t\t<\/div> \n\t<\/div> \n<\/div>\n\t<div class=\"vc_col-sm-2  wpb_column vc_column_container   list-none    text-align-none  text-rp-left\"><div class=\"vc_column-inner\">\n\t\n\t\t<div class=\"wpb_wrapper\">\n\t\t\t\n\t\t<\/div> \n\t<\/div> \n<\/div><\/div><\/div><div class=\"vc_row-full-width\"><\/div><div class=\"vc_row wpb_row vc_row-fluid no-overlay custom-row-image-left\"><div class=\"vc_column_wrapper clearfix\">\n\t<div class=\"vc_col-sm-12  wpb_column vc_column_container   list-none    text-align-none  text-rp-left\"><div class=\"vc_column-inner\">\n\t\n\t\t<div class=\"wpb_wrapper\">\n\t\t\t<div class=\"vc_empty_space\"   style=\"height: 32px\"><span class=\"vc_empty_space_inner\"><\/span><\/div>\n\t<div  class=\"wpb_single_image wpb_content_element vc_align_center wpb_content_element\">\n\t\t\n\t\t<figure class=\"wpb_wrapper vc_figure\">\n\t\t\t<div class=\"vc_single_image-wrapper   vc_box_border_grey\"><img loading=\"lazy\" decoding=\"async\" width=\"2000\" height=\"1055\" src=\"https:\/\/modirjord.is\/wp-content\/uploads\/2021\/02\/20200708_213701-scaled-e1613469426363.jpg\" class=\"vc_single_image-img attachment-full\" alt=\"\" title=\"20200708_213701\" srcset=\"https:\/\/modirjord.is\/wp-content\/uploads\/2021\/02\/20200708_213701-scaled-e1613469426363.jpg 2000w, https:\/\/modirjord.is\/wp-content\/uploads\/2021\/02\/20200708_213701-scaled-e1613469426363-300x158.jpg 300w, https:\/\/modirjord.is\/wp-content\/uploads\/2021\/02\/20200708_213701-scaled-e1613469426363-600x317.jpg 600w, https:\/\/modirjord.is\/wp-content\/uploads\/2021\/02\/20200708_213701-scaled-e1613469426363-1024x540.jpg 1024w, https:\/\/modirjord.is\/wp-content\/uploads\/2021\/02\/20200708_213701-scaled-e1613469426363-768x405.jpg 768w, https:\/\/modirjord.is\/wp-content\/uploads\/2021\/02\/20200708_213701-scaled-e1613469426363-1536x810.jpg 1536w, https:\/\/modirjord.is\/wp-content\/uploads\/2021\/02\/20200708_213701-scaled-e1613469426363-16x8.jpg 16w, https:\/\/modirjord.is\/wp-content\/uploads\/2021\/02\/20200708_213701-scaled-e1613469426363-624x329.jpg 624w\" sizes=\"(max-width: 2000px) 100vw, 2000px\" \/><\/div>\n\t\t<\/figure>\n\t<\/div>\n\n\t\t<\/div> \n\t<\/div> \n<\/div><\/div><\/div><div class=\"vc_row wpb_row vc_row-fluid no-overlay custom-row-image-left\"><div class=\"vc_column_wrapper clearfix\">\n\t<div class=\"vc_col-sm-12  wpb_column vc_column_container   list-none    text-align-none  text-rp-left\"><div class=\"vc_column-inner\">\n\t\n\t\t<div class=\"wpb_wrapper\">\n\t\t\t<div class=\"vc_empty_space\"   style=\"height: 50px\"><span class=\"vc_empty_space_inner\"><\/span><\/div>\n\t\t<\/div> \n\t<\/div> \n<\/div><\/div><\/div>\n<\/div>","protected":false},"excerpt":{"rendered":"\u00cd Vallanesi er bo\u00f0i\u00f0 upp\u00e1 gistingu fr\u00e1 apr\u00edl - okt\u00f3ber. Gestir geta noti\u00f0 a\u00f0st\u00f6\u00f0unnar \u00ed hjarta b\u00fdlisins og veitinga sem byggjast \u00e1 ferskum afur\u00f0um \u00far r\u00e6ktun sta\u00f0arins. Teki\u00f0 er \u00e1 m\u00f3ti h\u00f3pum. M\u00f3\u00f0ir J\u00f6r\u00f0 er \u00fe\u00e1tttakandi \u00ed fer\u00f0aklasanum sem kenndur er vi\u00f0 Hengifoss - www.hengifoss.is, einnig fer\u00f0a\u00fej\u00f3nustunni \u00e1 Austurlandi, sj\u00e1 www.austurland.is og www.east.is. B\u00fdli\u00f0 er [...]","protected":false},"author":1,"featured_media":0,"parent":0,"menu_order":0,"comment_status":"closed","ping_status":"closed","template":"","meta":{"footnotes":""},"class_list":["post-4652","page","type-page","status-publish","hentry"],"_links":{"self":[{"href":"https:\/\/modirjord.is\/en\/wp-json\/wp\/v2\/pages\/4652"}],"collection":[{"href":"https:\/\/modirjord.is\/en\/wp-json\/wp\/v2\/pages"}],"about":[{"href":"https:\/\/modirjord.is\/en\/wp-json\/wp\/v2\/types\/page"}],"author":[{"embeddable":true,"href":"https:\/\/modirjord.is\/en\/wp-json\/wp\/v2\/users\/1"}],"replies":[{"embeddable":true,"href":"https:\/\/modirjord.is\/en\/wp-json\/wp\/v2\/comments?post=4652"}],"version-history":[{"count":14,"href":"https:\/\/modirjord.is\/en\/wp-json\/wp\/v2\/pages\/4652\/revisions"}],"predecessor-version":[{"id":5477,"href":"https:\/\/modirjord.is\/en\/wp-json\/wp\/v2\/pages\/4652\/revisions\/5477"}],"wp:attachment":[{"href":"https:\/\/modirjord.is\/en\/wp-json\/wp\/v2\/media?parent=4652"}],"curies":[{"name":"wp","href":"https:\/\/api.w.org\/{rel}","templated":true}]}}