{"id":4482,"date":"2021-02-02T11:01:48","date_gmt":"2021-02-02T11:01:48","guid":{"rendered":"https:\/\/modirjord.webdev.is\/?page_id=4482"},"modified":"2025-11-11T10:47:25","modified_gmt":"2025-11-11T10:47:25","slug":"gisting","status":"publish","type":"page","link":"https:\/\/modirjord.is\/en\/gisting\/","title":{"rendered":"ACCOMODATION"},"content":{"rendered":"<div class=\"wpb-content-wrapper\"><div data-vc-full-width=\"true\" data-vc-full-width-init=\"false\" class=\"vc_row wpb_row vc_row-fluid bg-left-bottom vc_custom_1466146515504 over_follow_initial background-images-overlay-fullwidth\"><div class=\"vc_column_wrapper clearfix\">\n\t<div class=\"vc_col-sm-12  wpb_column vc_column_container   list-none    text-align-none  text-rp-left\"><div class=\"vc_column-inner vc_custom_1466137808453\">\n\t\n\t\t<div class=\"wpb_wrapper\">\n\t\t\t\n\t<div  class=\"wpb_single_image wpb_content_element vc_align_center wpb_content_element\">\n\t\t\n\t\t<figure class=\"wpb_wrapper vc_figure\">\n\t\t\t<div class=\"vc_single_image-wrapper   vc_box_border_grey\"><img loading=\"lazy\" decoding=\"async\" width=\"300\" height=\"300\" src=\"https:\/\/modirjord.is\/wp-content\/uploads\/2020\/12\/modir-jord-logo-300x300.png\" class=\"vc_single_image-img attachment-medium\" alt=\"\" title=\"modir-jord-logo\" srcset=\"https:\/\/modirjord.is\/wp-content\/uploads\/2020\/12\/modir-jord-logo-300x300.png 300w, https:\/\/modirjord.is\/wp-content\/uploads\/2020\/12\/modir-jord-logo-100x100.png 100w, https:\/\/modirjord.is\/wp-content\/uploads\/2020\/12\/modir-jord-logo-600x600.png 600w, https:\/\/modirjord.is\/wp-content\/uploads\/2020\/12\/modir-jord-logo-150x150.png 150w, https:\/\/modirjord.is\/wp-content\/uploads\/2020\/12\/modir-jord-logo-768x768.png 768w, https:\/\/modirjord.is\/wp-content\/uploads\/2020\/12\/modir-jord-logo-360x360.png 360w, https:\/\/modirjord.is\/wp-content\/uploads\/2020\/12\/modir-jord-logo-624x624.png 624w, https:\/\/modirjord.is\/wp-content\/uploads\/2020\/12\/modir-jord-logo.png 965w\" sizes=\"(max-width: 300px) 100vw, 300px\" \/><\/div>\n\t\t<\/figure>\n\t<\/div>\n<p style=\"font-size: 20px;color: #450f02;line-height: 34PX;text-align: center;font-family:PT Sans;font-weight:400;font-style:italic\" class=\"vc_custom_heading vc_custom_1612289285127\"><span style=\"letter-spacing: 0em;\">We offer accomodation from April - October in the heart of the farm, enjoying food from the farm prepared with fresh ingredients in season.<\/span><\/p>\n\t\t<\/div> \n\t<\/div> \n<\/div><\/div><\/div><div class=\"vc_row-full-width\"><\/div><div data-vc-full-width=\"true\" data-vc-full-width-init=\"false\" class=\"vc_row wpb_row vc_row-fluid bg-left-bottom vc_custom_1607343492740 column-same-height column-no-padding row-bg-overlay over_follow_initial background-images-overlay-fullwidth\"><div class=\"overlay-color\" style=\"background-color: #4a7729;opacity:50%;\"><\/div><div class=\"vc_column_wrapper clearfix\">\n\t<div class=\"vc_col-sm-2  wpb_column vc_column_container   list-none    text-align-none  text-rp-left\"><div class=\"vc_column-inner vc_custom_1607343482167\">\n\t\n\t\t<div class=\"wpb_wrapper\">\n\t\t\t\n\t\t<\/div> \n\t<\/div> \n<\/div>\n\t<div class=\"vc_col-sm-4  wpb_column vc_column_container   list-none    text-align-none  text-rp-left\"><div class=\"vc_column-inner vc_custom_1607343708187\">\n\t\n\t\t<div class=\"wpb_wrapper\">\n\t\t\t<div class=\"vc_empty_space\"   style=\"height: 32px\"><span class=\"vc_empty_space_inner\"><\/span><\/div>\n\t<div  class=\"wpb_single_image wpb_content_element vc_align_left wpb_content_element\">\n\t\t\n\t\t<figure class=\"wpb_wrapper vc_figure\">\n\t\t\t<div class=\"vc_single_image-wrapper   vc_box_border_grey\"><img loading=\"lazy\" decoding=\"async\" width=\"150\" height=\"150\" src=\"https:\/\/modirjord.is\/wp-content\/uploads\/2025\/02\/Stofa-2-150x150.jpg\" class=\"vc_single_image-img attachment-thumbnail\" alt=\"\" title=\"Stofa 2\" srcset=\"https:\/\/modirjord.is\/wp-content\/uploads\/2025\/02\/Stofa-2-150x150.jpg 150w, https:\/\/modirjord.is\/wp-content\/uploads\/2025\/02\/Stofa-2-360x360.jpg 360w, https:\/\/modirjord.is\/wp-content\/uploads\/2025\/02\/Stofa-2-100x100.jpg 100w\" sizes=\"(max-width: 150px) 100vw, 150px\" \/><\/div>\n\t\t<\/figure>\n\t<\/div>\n<h2 style=\"font-size: 17px;color: #450f02;line-height: 34PX;text-align: left;font-family:PT Sans;font-weight:400;font-style:italic\" class=\"vc_custom_heading\"><span style=\"letter-spacing: 0em;\">SUITES AND STANDARD DOUBLE ROOM<\/span><\/h2>\n\t<div class=\"wpb_text_column wpb_content_element\" >\n\t\t<div class=\"wpb_wrapper\">\n\t\t\t<p>\u00cd Vallanesi hefur gamla fj\u00f3si\u00f0 og hla\u00f0a veri\u00f0 ger\u00f0 upp og \u00fev\u00ed breytt \u00ed gistih\u00fas.\u00a0 Byggt er a grunni hins steypta gamla h\u00fass en h\u00fasi\u00f0 kl\u00e6tt me\u00f0 timbri \u00far eigin r\u00e6ktun.\u00a0 \u00cdslenskur vi\u00f0ur kemur einnig vi\u00f0 s\u00f6gu \u00ed innr\u00e9ttingum, g\u00f3lfefnum o.fl.\u00a0 H\u00e9r er bo\u00f0i\u00f0 upp \u00e1 gistingu \u00ed sv\u00edtum me\u00f0 r\u00famg\u00f3\u00f0ri stofu og eldh\u00faskr\u00f3k.\u00a0 Fyrir framan vistarverurnar er g\u00f3\u00f0 ver\u00f6nd sem sn\u00fdr \u00ed su\u00f0ur, gar\u00f0ur og setusv\u00e6\u00f0i.<\/p>\n<p>Hj\u00e1 M\u00f3\u00f0ur J\u00f6r\u00f0 er l\u00e1gmarksb\u00f3kun \u00ed sv\u00edtum 2 n\u00e6tur.<\/p>\n<p>Ver\u00f0listi j\u00fan\u00ed &#8211; \u00e1g\u00fast\u00a0 2026<\/p>\n<p>Sv\u00edtur me\u00f0 svefnherbergi me\u00f0 tv\u00edbrei\u00f0u r\u00fami, ba\u00f0herbergi og eldh\u00faskr\u00f3k.\u00a0 Stofa me\u00f0 setusv\u00e6\u00f0i.\u00a0 Ver\u00f0 pr n\u00f3tt\u00a0 m\/vsk: 52.000 kr.<\/p>\n<p>Tveggja herbergja sv\u00edta me\u00f0 tv\u00edbrei\u00f0um r\u00famum og s\u00e9rba\u00f0herbergjum.\u00a0 Stofa me\u00f0 setusv\u00e6\u00f0i. Ver\u00f0 pr n\u00f3tt 95.000 kr m\/vsk.<\/p>\n<p>Breakfast and other meals are served in a caf\u00e9 in the heart of the farm.  Meals can be enjoyed in the room, in the caf\u00e9 or in some of the greenhouses on site which offer special atmosphere for couples or small groups.<\/p>\n<p>B\u00f3kanir \/ fyrirspurnir m\u00e1 senda \u00ed t\u00f6lvup\u00f3sti \u00e1 info@vallanes.is.<\/p>\n\n\t\t<\/div>\n\t<\/div>\n<div class=\"vc_empty_space\"   style=\"height: 32px\"><span class=\"vc_empty_space_inner\"><\/span><\/div>\n\t\t<\/div> \n\t<\/div> \n<\/div>\n\t<div class=\"vc_col-sm-4  wpb_column vc_column_container   list-none    text-align-none  text-rp-left\"><div class=\"vc_column-inner vc_custom_1607343685047\">\n\t\n\t\t<div class=\"wpb_wrapper\">\n\t\t\t<div class=\"vc_empty_space\"   style=\"height: 32px\"><span class=\"vc_empty_space_inner\"><\/span><\/div>\n\t<div  class=\"wpb_single_image wpb_content_element vc_align_left wpb_content_element\">\n\t\t\n\t\t<figure class=\"wpb_wrapper vc_figure\">\n\t\t\t<div class=\"vc_single_image-wrapper   vc_box_border_grey\"><img loading=\"lazy\" decoding=\"async\" width=\"150\" height=\"150\" src=\"https:\/\/modirjord.is\/wp-content\/uploads\/2023\/12\/20201008_101419-150x150.jpg\" class=\"vc_single_image-img attachment-thumbnail\" alt=\"\" title=\"20201008_101419\" srcset=\"https:\/\/modirjord.is\/wp-content\/uploads\/2023\/12\/20201008_101419-150x150.jpg 150w, https:\/\/modirjord.is\/wp-content\/uploads\/2023\/12\/20201008_101419-360x360.jpg 360w, https:\/\/modirjord.is\/wp-content\/uploads\/2023\/12\/20201008_101419-100x100.jpg 100w\" sizes=\"(max-width: 150px) 100vw, 150px\" \/><\/div>\n\t\t<\/figure>\n\t<\/div>\n<h2 style=\"font-size: 17px;color: #450f02;line-height: 34PX;text-align: left;font-family:PT Sans;font-weight:400;font-style:italic\" class=\"vc_custom_heading vc_custom_1612263612865\"><span style=\"letter-spacing: 0em;\">LIS HOUSE COTTAGE<\/span><\/h2>\n\t<div class=\"wpb_text_column wpb_content_element\" >\n\t\t<div class=\"wpb_wrapper\">\n\t\t\t<p>Lis house is a cozy cottage in the woods with a double bed (140cm), private bathroom, sitting area and a kitchenette.<\/p>\n<p>Ver\u00f0 \u00e1 gistingu sumari\u00f0 2026 er\u00a0 45.000 kr \u00e1 n\u00f3tt fyrir 2 fullor\u00f0na.<\/p>\n<p>Mj\u00f3lkurh\u00fasi\u00f0 &#8211; l\u00edtil st\u00fad\u00edo\u00edb\u00fa\u00f0 me\u00f0 fallegu \u00fatisv\u00e6\u00f0i.\u00a0 Svefnherbergi me\u00f0 tv\u00edbrei\u00f0u r\u00fami(140cm), s\u00e9rinngangi, l\u00edtil stofa me\u00f0 eldh\u00faskr\u00f3k. Ver\u00f0 \u00e1 gistingu sumari\u00f0 2025 er\u00a0 45.000 kr \u00e1 n\u00f3tt fyrir 2 fullor\u00f0na.<\/p>\n<p>Breakfast and other meals are served in a caf\u00e9 in the heart of the farm.  Meals can be enjoyed in the room, in the caf\u00e9 or in some of the greenhouses on site which offer special atmosphere for couples or small groups.<\/p>\n<p>B\u00f3kanir \/ fyrirspurnir m\u00e1 senda \u00ed t\u00f6lvup\u00f3sti \u00e1 info@vallanes.is<\/p>\n\n\t\t<\/div>\n\t<\/div>\n<div class=\"vc_empty_space\"   style=\"height: 32px\"><span class=\"vc_empty_space_inner\"><\/span><\/div>\n\t\t<\/div> \n\t<\/div> \n<\/div>\n\t<div class=\"vc_col-sm-2  wpb_column vc_column_container   list-none    text-align-none  text-rp-left\"><div class=\"vc_column-inner\">\n\t\n\t\t<div class=\"wpb_wrapper\">\n\t\t\t\n\t\t<\/div> \n\t<\/div> \n<\/div><\/div><\/div><div class=\"vc_row-full-width\"><\/div><div class=\"vc_row wpb_row vc_row-fluid no-overlay custom-row-image-left\"><div class=\"vc_column_wrapper clearfix\">\n\t<div class=\"vc_col-sm-12  wpb_column vc_column_container   list-none    text-align-none  text-rp-left\"><div class=\"vc_column-inner\">\n\t\n\t\t<div class=\"wpb_wrapper\">\n\t\t\t\n\t<div  class=\"wpb_single_image wpb_content_element vc_align_center wpb_content_element\">\n\t\t\n\t\t<figure class=\"wpb_wrapper vc_figure\">\n\t\t\t<div class=\"vc_single_image-wrapper   vc_box_border_grey\"><img loading=\"lazy\" decoding=\"async\" width=\"2000\" height=\"800\" src=\"https:\/\/modirjord.is\/wp-content\/uploads\/2020\/12\/22.jpg\" class=\"vc_single_image-img attachment-full\" alt=\"\" title=\"22\" srcset=\"https:\/\/modirjord.is\/wp-content\/uploads\/2020\/12\/22.jpg 2000w, https:\/\/modirjord.is\/wp-content\/uploads\/2020\/12\/22-300x120.jpg 300w, https:\/\/modirjord.is\/wp-content\/uploads\/2020\/12\/22-600x240.jpg 600w, https:\/\/modirjord.is\/wp-content\/uploads\/2020\/12\/22-1024x410.jpg 1024w, https:\/\/modirjord.is\/wp-content\/uploads\/2020\/12\/22-768x307.jpg 768w, https:\/\/modirjord.is\/wp-content\/uploads\/2020\/12\/22-1536x614.jpg 1536w, https:\/\/modirjord.is\/wp-content\/uploads\/2020\/12\/22-624x250.jpg 624w\" sizes=\"(max-width: 2000px) 100vw, 2000px\" \/><\/div>\n\t\t<\/figure>\n\t<\/div>\n\n\t\t<\/div> \n\t<\/div> \n<\/div><\/div><\/div><div class=\"vc_row wpb_row vc_row-fluid no-overlay custom-row-image-left\"><div class=\"vc_column_wrapper clearfix\">\n\t<div class=\"vc_col-sm-12  wpb_column vc_column_container   list-none    text-align-none  text-rp-left\"><div class=\"vc_column-inner\">\n\t\n\t\t<div class=\"wpb_wrapper\">\n\t\t\t<div class=\"vc_empty_space\"   style=\"height: 50px\"><span class=\"vc_empty_space_inner\"><\/span><\/div>\n\t\t<\/div> \n\t<\/div> \n<\/div><\/div><\/div>\n<\/div>","protected":false},"excerpt":{"rendered":"\u00cd Vallanesi er bo\u00f0i\u00f0 upp\u00e1 gistingu fr\u00e1 apr\u00edl - okt\u00f3ber. Gestir geta noti\u00f0 a\u00f0st\u00f6\u00f0unnar \u00ed hjarta b\u00fdlisins og veitinga sem byggjast \u00e1 ferskum afur\u00f0um \u00far r\u00e6ktun sta\u00f0arins. SV\u00cdTUR OG 2JA MANNA HERBERGI \u00cd Vallanesi hefur gamla fj\u00f3si\u00f0 og hla\u00f0a veri\u00f0 ger\u00f0 upp og \u00fev\u00ed breytt \u00ed gistih\u00fas.\u00a0 Byggt er a grunni hins steypta gamla h\u00fass [...]","protected":false},"author":1,"featured_media":0,"parent":0,"menu_order":0,"comment_status":"closed","ping_status":"closed","template":"","meta":{"footnotes":""},"class_list":["post-4482","page","type-page","status-publish","hentry"],"_links":{"self":[{"href":"https:\/\/modirjord.is\/en\/wp-json\/wp\/v2\/pages\/4482"}],"collection":[{"href":"https:\/\/modirjord.is\/en\/wp-json\/wp\/v2\/pages"}],"about":[{"href":"https:\/\/modirjord.is\/en\/wp-json\/wp\/v2\/types\/page"}],"author":[{"embeddable":true,"href":"https:\/\/modirjord.is\/en\/wp-json\/wp\/v2\/users\/1"}],"replies":[{"embeddable":true,"href":"https:\/\/modirjord.is\/en\/wp-json\/wp\/v2\/comments?post=4482"}],"version-history":[{"count":24,"href":"https:\/\/modirjord.is\/en\/wp-json\/wp\/v2\/pages\/4482\/revisions"}],"predecessor-version":[{"id":5755,"href":"https:\/\/modirjord.is\/en\/wp-json\/wp\/v2\/pages\/4482\/revisions\/5755"}],"wp:attachment":[{"href":"https:\/\/modirjord.is\/en\/wp-json\/wp\/v2\/media?parent=4482"}],"curies":[{"name":"wp","href":"https:\/\/api.w.org\/{rel}","templated":true}]}}