{"id":107,"date":"2015-11-28T09:42:39","date_gmt":"2015-11-28T09:42:39","guid":{"rendered":"http:\/\/dev.joomexp.com\/wordpress\/wp-organic2\/?page_id=107"},"modified":"2021-02-02T10:33:52","modified_gmt":"2021-02-02T10:33:52","slug":"thank-you","status":"publish","type":"page","link":"https:\/\/modirjord.is\/en\/thank-you\/","title":{"rendered":"TAKK FYRIR"},"content":{"rendered":"<h1>Grei\u00f0sla er m\u00f3ttekin<\/h1>\n<p>P\u00f6ntun \u00fe\u00edn fer n\u00fa \u00ed vinnslu<\/p>","protected":false},"excerpt":{"rendered":"<p>Grei\u00f0sla er m\u00f3ttekin P\u00f6ntun \u00fe\u00edn fer n\u00fa \u00ed vinnslu<\/p>","protected":false},"author":1,"featured_media":0,"parent":0,"menu_order":0,"comment_status":"closed","ping_status":"closed","template":"","meta":{"footnotes":""},"class_list":["post-107","page","type-page","status-publish","hentry"],"_links":{"self":[{"href":"https:\/\/modirjord.is\/en\/wp-json\/wp\/v2\/pages\/107"}],"collection":[{"href":"https:\/\/modirjord.is\/en\/wp-json\/wp\/v2\/pages"}],"about":[{"href":"https:\/\/modirjord.is\/en\/wp-json\/wp\/v2\/types\/page"}],"author":[{"embeddable":true,"href":"https:\/\/modirjord.is\/en\/wp-json\/wp\/v2\/users\/1"}],"replies":[{"embeddable":true,"href":"https:\/\/modirjord.is\/en\/wp-json\/wp\/v2\/comments?post=107"}],"version-history":[{"count":2,"href":"https:\/\/modirjord.is\/en\/wp-json\/wp\/v2\/pages\/107\/revisions"}],"predecessor-version":[{"id":4468,"href":"https:\/\/modirjord.is\/en\/wp-json\/wp\/v2\/pages\/107\/revisions\/4468"}],"wp:attachment":[{"href":"https:\/\/modirjord.is\/en\/wp-json\/wp\/v2\/media?parent=107"}],"curies":[{"name":"wp","href":"https:\/\/api.w.org\/{rel}","templated":true}]}}